{"id":334501,"date":"2025-03-21T07:16:15","date_gmt":"2025-03-21T06:16:15","guid":{"rendered":"https:\/\/www.salzburgerheimatwerk.at\/produkt\/handtasche\/"},"modified":"2026-04-28T14:32:27","modified_gmt":"2026-04-28T12:32:27","slug":"handtasche","status":"publish","type":"product","link":"https:\/\/www.salzburgerheimatwerk.at\/en\/produkt\/handtasche\/","title":{"rendered":"Handtasche"},"content":{"rendered":"<p>Diese besondere Tasche aus Antikbockleder f\u00e4llt sofort ins Auge. Der H\u00e4nkel ist aus Bambus gefertigt &#8211; sie kann aber auch mit einem Riemen \u00fcber die Schulter getragen werden. Passend dazu gibt es auch Schuhe.<\/p>\n","protected":false},"excerpt":{"rendered":"<p>Diese besondere Tasche aus Antikbockleder f\u00e4llt sofort ins Auge. Der H\u00e4nkel ist aus Bambus gefertigt &#8211; sie kann aber auch mit einem Riemen \u00fcber&#8230;<\/p>\n","protected":false},"featured_media":334502,"template":"","meta":{"_acf_changed":false},"product_brand":[],"product_cat":[48,57,58],"product_tag":[2356],"class_list":{"0":"post-334501","1":"product","2":"type-product","3":"status-publish","4":"has-post-thumbnail","6":"pricegroup-202","7":"pricegroup-322","8":"productgroup-204","9":"productgroup-323","10":"product_cat-damentracht","11":"product_cat-accessoires","12":"product_cat-schuhe-taschen","13":"product_tag-tasche","14":"pa_farbe-beige","16":"first","17":"instock","18":"taxable","19":"shipping-taxable","20":"purchasable","21":"product-type-simple"},"acf":[],"jetpack_sharing_enabled":true,"_links":{"self":[{"href":"https:\/\/www.salzburgerheimatwerk.at\/en\/wp-json\/wp\/v2\/product\/334501","targetHints":{"allow":["GET"]}}],"collection":[{"href":"https:\/\/www.salzburgerheimatwerk.at\/en\/wp-json\/wp\/v2\/product"}],"about":[{"href":"https:\/\/www.salzburgerheimatwerk.at\/en\/wp-json\/wp\/v2\/types\/product"}],"wp:featuredmedia":[{"embeddable":true,"href":"https:\/\/www.salzburgerheimatwerk.at\/en\/wp-json\/wp\/v2\/media\/334502"}],"wp:attachment":[{"href":"https:\/\/www.salzburgerheimatwerk.at\/en\/wp-json\/wp\/v2\/media?parent=334501"}],"wp:term":[{"taxonomy":"product_brand","embeddable":true,"href":"https:\/\/www.salzburgerheimatwerk.at\/en\/wp-json\/wp\/v2\/product_brand?post=334501"},{"taxonomy":"product_cat","embeddable":true,"href":"https:\/\/www.salzburgerheimatwerk.at\/en\/wp-json\/wp\/v2\/product_cat?post=334501"},{"taxonomy":"product_tag","embeddable":true,"href":"https:\/\/www.salzburgerheimatwerk.at\/en\/wp-json\/wp\/v2\/product_tag?post=334501"}],"curies":[{"name":"wp","href":"https:\/\/api.w.org\/{rel}","templated":true}]}}