{"id":334512,"date":"2025-03-21T07:16:18","date_gmt":"2025-03-21T06:16:18","guid":{"rendered":"https:\/\/www.salzburgerheimatwerk.at\/produkt\/damenbluse-2\/"},"modified":"2026-04-28T19:19:09","modified_gmt":"2026-04-28T17:19:09","slug":"damenbluse-2","status":"publish","type":"product","link":"https:\/\/www.salzburgerheimatwerk.at\/en\/produkt\/damenbluse-2\/","title":{"rendered":"Damenbluse"},"content":{"rendered":"<p>Sommerliche kurzarm Bluse aus reiner Baumwolle. Dieser luftige Schnitt eignet sich perfekt f\u00fcr hei\u00dfe Tage &#8211; gerade geschnitten, der Saum ist leicht abgerundet. Der Stehkregen und die R\u00fcschen an der vorderen Leiste sind ein h\u00fcbsches, verspieltes Detail.<\/p>\n","protected":false},"excerpt":{"rendered":"<p>Sommerliche kurzarm Bluse aus reiner Baumwolle. Dieser luftige Schnitt eignet sich perfekt f\u00fcr hei\u00dfe Tage &#8211; gerade geschnitten, der Saum ist leicht abgerundet. Der&#8230;<\/p>\n","protected":false},"featured_media":334627,"template":"","meta":{"_acf_changed":false},"product_brand":[],"product_cat":[48,52],"product_tag":[258],"class_list":{"0":"post-334512","1":"product","2":"type-product","3":"status-publish","4":"has-post-thumbnail","6":"pricegroup-202","7":"pricegroup-256","8":"productgroup-257","9":"productgroup-204","10":"product_cat-damentracht","11":"product_cat-blusen-shirts","12":"product_tag-damenbluse","13":"pa_farbe-pink","15":"first","16":"instock","17":"taxable","18":"shipping-taxable","19":"purchasable","20":"product-type-variable","21":"has-default-attributes"},"acf":[],"jetpack_sharing_enabled":true,"_links":{"self":[{"href":"https:\/\/www.salzburgerheimatwerk.at\/en\/wp-json\/wp\/v2\/product\/334512","targetHints":{"allow":["GET"]}}],"collection":[{"href":"https:\/\/www.salzburgerheimatwerk.at\/en\/wp-json\/wp\/v2\/product"}],"about":[{"href":"https:\/\/www.salzburgerheimatwerk.at\/en\/wp-json\/wp\/v2\/types\/product"}],"wp:featuredmedia":[{"embeddable":true,"href":"https:\/\/www.salzburgerheimatwerk.at\/en\/wp-json\/wp\/v2\/media\/334627"}],"wp:attachment":[{"href":"https:\/\/www.salzburgerheimatwerk.at\/en\/wp-json\/wp\/v2\/media?parent=334512"}],"wp:term":[{"taxonomy":"product_brand","embeddable":true,"href":"https:\/\/www.salzburgerheimatwerk.at\/en\/wp-json\/wp\/v2\/product_brand?post=334512"},{"taxonomy":"product_cat","embeddable":true,"href":"https:\/\/www.salzburgerheimatwerk.at\/en\/wp-json\/wp\/v2\/product_cat?post=334512"},{"taxonomy":"product_tag","embeddable":true,"href":"https:\/\/www.salzburgerheimatwerk.at\/en\/wp-json\/wp\/v2\/product_tag?post=334512"}],"curies":[{"name":"wp","href":"https:\/\/api.w.org\/{rel}","templated":true}]}}