{"id":334521,"date":"2025-03-21T07:16:21","date_gmt":"2025-03-21T06:16:21","guid":{"rendered":"https:\/\/www.salzburgerheimatwerk.at\/produkt\/damenjacke-3\/"},"modified":"2026-04-28T19:19:10","modified_gmt":"2026-04-28T17:19:10","slug":"damenjacke-3","status":"publish","type":"product","link":"https:\/\/www.salzburgerheimatwerk.at\/en\/produkt\/damenjacke-3\/","title":{"rendered":"Damenjacke"},"content":{"rendered":"<p>Gehrock aus feinem Baumwoll-Piquet mit einem kleinen Anteil an Elasthan. Die feine Borte am Stehkragen harmoniert perfekt zur farblich abgesetzten Kante an der vorderen Mitte und den \u00c4rmelaufschl\u00e4gen. F\u00fcr den idealen Sitz ist der Schnitt an der Taille mit einer Naht verbunden &#8211; die Taschen sind in diese Naht eingef\u00fcgt und somit ein weiteres kleines Detail. Die R\u00fcckenmitte ist mit einem farblich abgesetzten Passepoil betont und f\u00fcr die Bewegungsfreiheit endet sie mit einem Schlitz. R\u00fcckenl\u00e4nge ca. 70cm<\/p>\n","protected":false},"excerpt":{"rendered":"<p>Gehrock aus feinem Baumwoll-Piquet mit einem kleinen Anteil an Elasthan. Die feine Borte am Stehkragen harmoniert perfekt zur farblich abgesetzten Kante an der vorderen&#8230;<\/p>\n","protected":false},"featured_media":334630,"template":"","meta":{"_acf_changed":false},"product_brand":[],"product_cat":[1098,48,304],"product_tag":[309],"class_list":{"0":"post-334521","1":"product","2":"type-product","3":"status-publish","4":"has-post-thumbnail","6":"pricegroup-202","7":"pricegroup-302","8":"productgroup-204","9":"productgroup-303","10":"product_cat-blazer","11":"product_cat-damentracht","12":"product_cat-jacken-maentel-damentracht","13":"product_tag-damenjacke","14":"pa_farbe-blau","16":"first","17":"instock","18":"taxable","19":"shipping-taxable","20":"purchasable","21":"product-type-variable","22":"has-default-attributes"},"acf":[],"jetpack_sharing_enabled":true,"_links":{"self":[{"href":"https:\/\/www.salzburgerheimatwerk.at\/en\/wp-json\/wp\/v2\/product\/334521","targetHints":{"allow":["GET"]}}],"collection":[{"href":"https:\/\/www.salzburgerheimatwerk.at\/en\/wp-json\/wp\/v2\/product"}],"about":[{"href":"https:\/\/www.salzburgerheimatwerk.at\/en\/wp-json\/wp\/v2\/types\/product"}],"wp:featuredmedia":[{"embeddable":true,"href":"https:\/\/www.salzburgerheimatwerk.at\/en\/wp-json\/wp\/v2\/media\/334630"}],"wp:attachment":[{"href":"https:\/\/www.salzburgerheimatwerk.at\/en\/wp-json\/wp\/v2\/media?parent=334521"}],"wp:term":[{"taxonomy":"product_brand","embeddable":true,"href":"https:\/\/www.salzburgerheimatwerk.at\/en\/wp-json\/wp\/v2\/product_brand?post=334521"},{"taxonomy":"product_cat","embeddable":true,"href":"https:\/\/www.salzburgerheimatwerk.at\/en\/wp-json\/wp\/v2\/product_cat?post=334521"},{"taxonomy":"product_tag","embeddable":true,"href":"https:\/\/www.salzburgerheimatwerk.at\/en\/wp-json\/wp\/v2\/product_tag?post=334521"}],"curies":[{"name":"wp","href":"https:\/\/api.w.org\/{rel}","templated":true}]}}