{"id":334532,"date":"2025-03-21T07:16:25","date_gmt":"2025-03-21T06:16:25","guid":{"rendered":"https:\/\/www.salzburgerheimatwerk.at\/produkt\/schwingender-trachtenrock\/"},"modified":"2026-04-28T20:27:10","modified_gmt":"2026-04-28T18:27:10","slug":"schwingender-trachtenrock","status":"publish","type":"product","link":"https:\/\/www.salzburgerheimatwerk.at\/en\/produkt\/schwingender-trachtenrock\/","title":{"rendered":"Schwingender Trachtenrock"},"content":{"rendered":"<p>Sommerlich schwingt dieser Rock mit seiner feine Viskose Leinenmischung in hellem Sandton. Der klassische Formbund und die schmale Faltenlegung bilden eine elegante Silhouette. Sechs schmale Biesen zieren den Saum und runden das zeitlos schlichte Design ab.<br \/>\nHergestellt aus hochwertiger Viskose-Leinenmischung. Mit zwei praktischen Taschen und einem Rei\u00dfverschluss am r\u00fcckw\u00e4rtigen Bund.<\/p>\n","protected":false},"excerpt":{"rendered":"<p>Sommerlich schwingt dieser Rock mit seiner feine Viskose Leinenmischung in hellem Sandton. Der klassische Formbund und die schmale Faltenlegung bilden eine elegante Silhouette. Sechs&#8230;<\/p>\n","protected":false},"featured_media":343882,"template":"","meta":{"_acf_changed":false},"product_brand":[],"product_cat":[48,50,1220],"product_tag":[1922],"class_list":{"0":"post-334532","1":"product","2":"type-product","3":"status-publish","4":"has-post-thumbnail","6":"pricegroup-202","7":"pricegroup-289","8":"productgroup-204","9":"productgroup-290","10":"product_cat-damentracht","11":"product_cat-roecke-hosen","12":"product_cat-sale","13":"product_tag-damenrock","14":"pa_farbe-beige","16":"first","17":"instock","18":"sale","19":"taxable","20":"shipping-taxable","21":"purchasable","22":"product-type-variable","23":"has-default-attributes"},"acf":[],"jetpack_sharing_enabled":true,"_links":{"self":[{"href":"https:\/\/www.salzburgerheimatwerk.at\/en\/wp-json\/wp\/v2\/product\/334532","targetHints":{"allow":["GET"]}}],"collection":[{"href":"https:\/\/www.salzburgerheimatwerk.at\/en\/wp-json\/wp\/v2\/product"}],"about":[{"href":"https:\/\/www.salzburgerheimatwerk.at\/en\/wp-json\/wp\/v2\/types\/product"}],"wp:featuredmedia":[{"embeddable":true,"href":"https:\/\/www.salzburgerheimatwerk.at\/en\/wp-json\/wp\/v2\/media\/343882"}],"wp:attachment":[{"href":"https:\/\/www.salzburgerheimatwerk.at\/en\/wp-json\/wp\/v2\/media?parent=334532"}],"wp:term":[{"taxonomy":"product_brand","embeddable":true,"href":"https:\/\/www.salzburgerheimatwerk.at\/en\/wp-json\/wp\/v2\/product_brand?post=334532"},{"taxonomy":"product_cat","embeddable":true,"href":"https:\/\/www.salzburgerheimatwerk.at\/en\/wp-json\/wp\/v2\/product_cat?post=334532"},{"taxonomy":"product_tag","embeddable":true,"href":"https:\/\/www.salzburgerheimatwerk.at\/en\/wp-json\/wp\/v2\/product_tag?post=334532"}],"curies":[{"name":"wp","href":"https:\/\/api.w.org\/{rel}","templated":true}]}}