{"id":334708,"date":"2025-03-27T07:16:10","date_gmt":"2025-03-27T06:16:10","guid":{"rendered":"https:\/\/www.salzburgerheimatwerk.at\/produkt\/strickjacke-8\/"},"modified":"2026-04-28T19:19:09","modified_gmt":"2026-04-28T17:19:09","slug":"strickjacke-8","status":"publish","type":"product","link":"https:\/\/www.salzburgerheimatwerk.at\/en\/produkt\/strickjacke-8\/","title":{"rendered":"Strickjacke"},"content":{"rendered":"<p>Strickjacke aus rosa m\u00e9le Schurwolle &#8211; die besondere Strickart erinnert an kleinen Blumenstr\u00e4u\u00dfe. Die grauen Perlmuttkn\u00f6pfe passen sich sehr sch\u00f6n an. Durch die L\u00e4nge von ca. 50cm l\u00e4sst sie sich perfekt zum Drindl oder zu R\u00f6cken und Kleidern kombinieren.<\/p>\n","protected":false},"excerpt":{"rendered":"<p>Strickjacke aus rosa m\u00e9le Schurwolle &#8211; die besondere Strickart erinnert an kleinen Blumenstr\u00e4u\u00dfe. Die grauen Perlmuttkn\u00f6pfe passen sich sehr sch\u00f6n an. Durch die L\u00e4nge&#8230;<\/p>\n","protected":false},"featured_media":334716,"template":"","meta":{"_acf_changed":false},"product_brand":[],"product_cat":[48,53],"product_tag":[237],"class_list":{"0":"post-334708","1":"product","2":"type-product","3":"status-publish","4":"has-post-thumbnail","6":"pricegroup-232","7":"pricegroup-202","8":"productgroup-233","9":"productgroup-204","10":"product_cat-damentracht","11":"product_cat-strick-walk","12":"product_tag-strickjacke","13":"pa_farbe-rosa","15":"first","16":"instock","17":"taxable","18":"shipping-taxable","19":"purchasable","20":"product-type-variable"},"acf":[],"jetpack_sharing_enabled":true,"_links":{"self":[{"href":"https:\/\/www.salzburgerheimatwerk.at\/en\/wp-json\/wp\/v2\/product\/334708","targetHints":{"allow":["GET"]}}],"collection":[{"href":"https:\/\/www.salzburgerheimatwerk.at\/en\/wp-json\/wp\/v2\/product"}],"about":[{"href":"https:\/\/www.salzburgerheimatwerk.at\/en\/wp-json\/wp\/v2\/types\/product"}],"wp:featuredmedia":[{"embeddable":true,"href":"https:\/\/www.salzburgerheimatwerk.at\/en\/wp-json\/wp\/v2\/media\/334716"}],"wp:attachment":[{"href":"https:\/\/www.salzburgerheimatwerk.at\/en\/wp-json\/wp\/v2\/media?parent=334708"}],"wp:term":[{"taxonomy":"product_brand","embeddable":true,"href":"https:\/\/www.salzburgerheimatwerk.at\/en\/wp-json\/wp\/v2\/product_brand?post=334708"},{"taxonomy":"product_cat","embeddable":true,"href":"https:\/\/www.salzburgerheimatwerk.at\/en\/wp-json\/wp\/v2\/product_cat?post=334708"},{"taxonomy":"product_tag","embeddable":true,"href":"https:\/\/www.salzburgerheimatwerk.at\/en\/wp-json\/wp\/v2\/product_tag?post=334708"}],"curies":[{"name":"wp","href":"https:\/\/api.w.org\/{rel}","templated":true}]}}