{"id":334761,"date":"2025-03-27T07:16:25","date_gmt":"2025-03-27T06:16:25","guid":{"rendered":"https:\/\/www.salzburgerheimatwerk.at\/produkt\/cashmere-strickjacke\/"},"modified":"2026-04-28T20:27:11","modified_gmt":"2026-04-28T18:27:11","slug":"cashmere-strickjacke","status":"publish","type":"product","link":"https:\/\/www.salzburgerheimatwerk.at\/en\/produkt\/cashmere-strickjacke\/","title":{"rendered":"Cashmere Strickjacke"},"content":{"rendered":"<p>Trachten-Cashmere-Strickjacke f\u00fcr Damen in Hellblau. Tradition und Moderne in perfektem Zusammenspiel \u2013 Das Modell begeistert durch die klassische Linksstrick-Qualit\u00e4t, w\u00e4hrend Schmuckstein- Kn\u00f6pfe den Trachten-Look charmant abrunden.<\/p>\n","protected":false},"excerpt":{"rendered":"<p>Trachten-Cashmere-Strickjacke f\u00fcr Damen in Hellblau. Tradition und Moderne in perfektem Zusammenspiel \u2013 Das Modell begeistert durch die klassische Linksstrick-Qualit\u00e4t, w\u00e4hrend Schmuckstein- Kn\u00f6pfe den Trachten-Look&#8230;<\/p>\n","protected":false},"featured_media":343866,"template":"","meta":{"_acf_changed":false},"product_brand":[],"product_cat":[48,53],"product_tag":[2556],"class_list":{"0":"post-334761","1":"product","2":"type-product","3":"status-publish","4":"has-post-thumbnail","6":"pricegroup-202","7":"pricegroup-232","8":"productgroup-233","9":"productgroup-204","10":"product_cat-damentracht","11":"product_cat-strick-walk","12":"product_tag-cashmere-strickjacke","13":"pa_farbe-blau","15":"first","16":"instock","17":"taxable","18":"shipping-taxable","19":"purchasable","20":"product-type-variable","21":"has-default-attributes"},"acf":[],"jetpack_sharing_enabled":true,"_links":{"self":[{"href":"https:\/\/www.salzburgerheimatwerk.at\/en\/wp-json\/wp\/v2\/product\/334761","targetHints":{"allow":["GET"]}}],"collection":[{"href":"https:\/\/www.salzburgerheimatwerk.at\/en\/wp-json\/wp\/v2\/product"}],"about":[{"href":"https:\/\/www.salzburgerheimatwerk.at\/en\/wp-json\/wp\/v2\/types\/product"}],"wp:featuredmedia":[{"embeddable":true,"href":"https:\/\/www.salzburgerheimatwerk.at\/en\/wp-json\/wp\/v2\/media\/343866"}],"wp:attachment":[{"href":"https:\/\/www.salzburgerheimatwerk.at\/en\/wp-json\/wp\/v2\/media?parent=334761"}],"wp:term":[{"taxonomy":"product_brand","embeddable":true,"href":"https:\/\/www.salzburgerheimatwerk.at\/en\/wp-json\/wp\/v2\/product_brand?post=334761"},{"taxonomy":"product_cat","embeddable":true,"href":"https:\/\/www.salzburgerheimatwerk.at\/en\/wp-json\/wp\/v2\/product_cat?post=334761"},{"taxonomy":"product_tag","embeddable":true,"href":"https:\/\/www.salzburgerheimatwerk.at\/en\/wp-json\/wp\/v2\/product_tag?post=334761"}],"curies":[{"name":"wp","href":"https:\/\/api.w.org\/{rel}","templated":true}]}}