{"id":334767,"date":"2025-03-27T07:16:26","date_gmt":"2025-03-27T06:16:26","guid":{"rendered":"https:\/\/www.salzburgerheimatwerk.at\/produkt\/herrenweste-3\/"},"modified":"2026-04-28T19:19:10","modified_gmt":"2026-04-28T17:19:10","slug":"herrenweste-3","status":"publish","type":"product","link":"https:\/\/www.salzburgerheimatwerk.at\/en\/produkt\/herrenweste-3\/","title":{"rendered":"Herrenweste"},"content":{"rendered":"<p>Festliche Weste aus gewebter Leinen-Baumwoll-Mischung in festlichen gr\u00fcn-gold T\u00f6nen. Die goldenen durchborchenen Kugelkn\u00f6pfe passen sich hervorragend an. Der Stehragen ist aus dem gleichen Stoff gen\u00e4ht. Die Paspeltaschen passen sich gut an &#8211; die Innentasche l\u00e4sst sich mit einem Knopf verschlie\u00dfen. Die R\u00fcckenpartie ist aus einem elastischen Stoff somit haben Sie die perfekte Bewegungsfreiheit.<\/p>\n","protected":false},"excerpt":{"rendered":"<p>Festliche Weste aus gewebter Leinen-Baumwoll-Mischung in festlichen gr\u00fcn-gold T\u00f6nen. Die goldenen durchborchenen Kugelkn\u00f6pfe passen sich hervorragend an. Der Stehragen ist aus dem gleichen Stoff&#8230;<\/p>\n","protected":false},"featured_media":343871,"template":"","meta":{"_acf_changed":false},"product_brand":[],"product_cat":[1049,48],"product_tag":[821],"class_list":{"0":"post-334767","1":"product","2":"type-product","3":"status-publish","4":"has-post-thumbnail","6":"pricegroup-166","7":"pricegroup-817","8":"productgroup-174","9":"productgroup-818","10":"product_cat-westen-damentracht","11":"product_cat-damentracht","12":"product_tag-herrenweste","14":"first","15":"instock","16":"taxable","17":"shipping-taxable","18":"purchasable","19":"product-type-variable","20":"has-default-attributes"},"acf":[],"jetpack_sharing_enabled":true,"_links":{"self":[{"href":"https:\/\/www.salzburgerheimatwerk.at\/en\/wp-json\/wp\/v2\/product\/334767","targetHints":{"allow":["GET"]}}],"collection":[{"href":"https:\/\/www.salzburgerheimatwerk.at\/en\/wp-json\/wp\/v2\/product"}],"about":[{"href":"https:\/\/www.salzburgerheimatwerk.at\/en\/wp-json\/wp\/v2\/types\/product"}],"wp:featuredmedia":[{"embeddable":true,"href":"https:\/\/www.salzburgerheimatwerk.at\/en\/wp-json\/wp\/v2\/media\/343871"}],"wp:attachment":[{"href":"https:\/\/www.salzburgerheimatwerk.at\/en\/wp-json\/wp\/v2\/media?parent=334767"}],"wp:term":[{"taxonomy":"product_brand","embeddable":true,"href":"https:\/\/www.salzburgerheimatwerk.at\/en\/wp-json\/wp\/v2\/product_brand?post=334767"},{"taxonomy":"product_cat","embeddable":true,"href":"https:\/\/www.salzburgerheimatwerk.at\/en\/wp-json\/wp\/v2\/product_cat?post=334767"},{"taxonomy":"product_tag","embeddable":true,"href":"https:\/\/www.salzburgerheimatwerk.at\/en\/wp-json\/wp\/v2\/product_tag?post=334767"}],"curies":[{"name":"wp","href":"https:\/\/api.w.org\/{rel}","templated":true}]}}