{"id":334775,"date":"2025-03-27T07:16:28","date_gmt":"2025-03-27T06:16:28","guid":{"rendered":"https:\/\/www.salzburgerheimatwerk.at\/produkt\/dirndl-amelie-mit-seiden-handdruckschuerze\/"},"modified":"2026-04-28T20:27:11","modified_gmt":"2026-04-28T18:27:11","slug":"dirndl-amelie-mit-seiden-handdruckschuerze","status":"publish","type":"product","link":"https:\/\/www.salzburgerheimatwerk.at\/en\/produkt\/dirndl-amelie-mit-seiden-handdruckschuerze\/","title":{"rendered":"Heimatwerk Dirndl Amelie"},"content":{"rendered":"<p>Wundersch\u00f6nes Dirndl im Miederschnitt aus edlem Leinen, der Baumwollrock mit Blumen-Rankenmuster im Schattendruck ist in Falten gelegt sowie die hochwertige Handdruck Seidensch\u00fcrze harmonieren gekonnt miteinander. Handgemachte Herzerlr\u00fcsche zieren den Ausschnitt und sorgen mit der Seidenpasspel f\u00fcr einen Hingucker. Die Knopfl\u00f6cher sind passepouliert und mit Perlenkn\u00f6pfen zu verschlie\u00dfen. Der Rock hat einen Vorsto\u00df aus Seide und eine fertige Rockl\u00e4nge von 80cm.<br \/>\nDieses Dirndl ist der perfekte Begleiter f\u00fcr festliche Anl\u00e4sse! Qualit\u00e4t aus \u00d6sterreich die man sieht und sp\u00fcrt. Aus Liebe zur Tracht.<\/p>\n","protected":false},"excerpt":{"rendered":"<p>Wundersch\u00f6nes Dirndl im Miederschnitt aus edlem Leinen, der Baumwollrock mit Blumen-Rankenmuster im Schattendruck ist in Falten gelegt sowie die hochwertige Handdruck Seidensch\u00fcrze harmonieren gekonnt&#8230;<\/p>\n","protected":false},"featured_media":335706,"template":"","meta":{"_acf_changed":false},"product_brand":[],"product_cat":[48,49],"product_tag":[2557],"class_list":{"0":"post-334775","1":"product","2":"type-product","3":"status-publish","4":"has-post-thumbnail","6":"pricegroup-202","7":"pricegroup-312","8":"productgroup-204","9":"productgroup-313","10":"product_cat-damentracht","11":"product_cat-dirndl-kleider","12":"product_tag-dirndl-amelie","14":"first","15":"instock","16":"taxable","17":"shipping-taxable","18":"purchasable","19":"product-type-variable","20":"has-default-attributes"},"acf":[],"jetpack_sharing_enabled":true,"_links":{"self":[{"href":"https:\/\/www.salzburgerheimatwerk.at\/en\/wp-json\/wp\/v2\/product\/334775","targetHints":{"allow":["GET"]}}],"collection":[{"href":"https:\/\/www.salzburgerheimatwerk.at\/en\/wp-json\/wp\/v2\/product"}],"about":[{"href":"https:\/\/www.salzburgerheimatwerk.at\/en\/wp-json\/wp\/v2\/types\/product"}],"wp:featuredmedia":[{"embeddable":true,"href":"https:\/\/www.salzburgerheimatwerk.at\/en\/wp-json\/wp\/v2\/media\/335706"}],"wp:attachment":[{"href":"https:\/\/www.salzburgerheimatwerk.at\/en\/wp-json\/wp\/v2\/media?parent=334775"}],"wp:term":[{"taxonomy":"product_brand","embeddable":true,"href":"https:\/\/www.salzburgerheimatwerk.at\/en\/wp-json\/wp\/v2\/product_brand?post=334775"},{"taxonomy":"product_cat","embeddable":true,"href":"https:\/\/www.salzburgerheimatwerk.at\/en\/wp-json\/wp\/v2\/product_cat?post=334775"},{"taxonomy":"product_tag","embeddable":true,"href":"https:\/\/www.salzburgerheimatwerk.at\/en\/wp-json\/wp\/v2\/product_tag?post=334775"}],"curies":[{"name":"wp","href":"https:\/\/api.w.org\/{rel}","templated":true}]}}