{"id":334779,"date":"2025-03-27T07:16:30","date_gmt":"2025-03-27T06:16:30","guid":{"rendered":"https:\/\/www.salzburgerheimatwerk.at\/produkt\/herrenweste-4\/"},"modified":"2026-04-28T19:19:10","modified_gmt":"2026-04-28T17:19:10","slug":"herrenweste-4","status":"publish","type":"product","link":"https:\/\/www.salzburgerheimatwerk.at\/en\/produkt\/herrenweste-4\/","title":{"rendered":"Herrenweste"},"content":{"rendered":"<p>Elegante Weste aus gewebter Leinenmischung mit Stehkragen. Ob zur Hochzeit oder zum Geburtstag &#8211; ein festliches St\u00fcck f\u00fcr viele Anl\u00e4\u00dfe!<\/p>\n","protected":false},"excerpt":{"rendered":"<p>Elegante Weste aus gewebter Leinenmischung mit Stehkragen. Ob zur Hochzeit oder zum Geburtstag &#8211; ein festliches St\u00fcck f\u00fcr viele&#8230;<\/p>\n","protected":false},"featured_media":343872,"template":"","meta":{"_acf_changed":false},"product_brand":[],"product_cat":[59,63],"product_tag":[821],"class_list":{"0":"post-334779","1":"product","2":"type-product","3":"status-publish","4":"has-post-thumbnail","6":"pricegroup-166","7":"pricegroup-817","8":"productgroup-174","9":"productgroup-818","10":"product_cat-herrentracht","11":"product_cat-westen","12":"product_tag-herrenweste","13":"pa_farbe-beige","15":"first","16":"instock","17":"taxable","18":"shipping-taxable","19":"purchasable","20":"product-type-variable","21":"has-default-attributes"},"acf":[],"jetpack_sharing_enabled":true,"_links":{"self":[{"href":"https:\/\/www.salzburgerheimatwerk.at\/en\/wp-json\/wp\/v2\/product\/334779","targetHints":{"allow":["GET"]}}],"collection":[{"href":"https:\/\/www.salzburgerheimatwerk.at\/en\/wp-json\/wp\/v2\/product"}],"about":[{"href":"https:\/\/www.salzburgerheimatwerk.at\/en\/wp-json\/wp\/v2\/types\/product"}],"wp:featuredmedia":[{"embeddable":true,"href":"https:\/\/www.salzburgerheimatwerk.at\/en\/wp-json\/wp\/v2\/media\/343872"}],"wp:attachment":[{"href":"https:\/\/www.salzburgerheimatwerk.at\/en\/wp-json\/wp\/v2\/media?parent=334779"}],"wp:term":[{"taxonomy":"product_brand","embeddable":true,"href":"https:\/\/www.salzburgerheimatwerk.at\/en\/wp-json\/wp\/v2\/product_brand?post=334779"},{"taxonomy":"product_cat","embeddable":true,"href":"https:\/\/www.salzburgerheimatwerk.at\/en\/wp-json\/wp\/v2\/product_cat?post=334779"},{"taxonomy":"product_tag","embeddable":true,"href":"https:\/\/www.salzburgerheimatwerk.at\/en\/wp-json\/wp\/v2\/product_tag?post=334779"}],"curies":[{"name":"wp","href":"https:\/\/api.w.org\/{rel}","templated":true}]}}