{"id":334800,"date":"2025-03-27T07:16:39","date_gmt":"2025-03-27T06:16:39","guid":{"rendered":"https:\/\/www.salzburgerheimatwerk.at\/produkt\/herrenweste-5\/"},"modified":"2026-04-28T20:27:10","modified_gmt":"2026-04-28T18:27:10","slug":"herrenweste-5","status":"publish","type":"product","link":"https:\/\/www.salzburgerheimatwerk.at\/en\/produkt\/herrenweste-5\/","title":{"rendered":"Herrenweste"},"content":{"rendered":"<p>Festliche Herrenweste aus Leinen-Baumwoll Jaquard mit dezenten Metallkn\u00f6pfen. Die Paspeltaschen und der Stehkragen sind aus dem gleichen Stoff gen\u00e4ht und passen sich damit dezent an. Eine Innentasche erh\u00f6ht den Komfort.<\/p>\n","protected":false},"excerpt":{"rendered":"<p>Festliche Herrenweste aus Leinen-Baumwoll Jaquard mit dezenten Metallkn\u00f6pfen. Die Paspeltaschen und der Stehkragen sind aus dem gleichen Stoff gen\u00e4ht und passen sich damit dezent&#8230;<\/p>\n","protected":false},"featured_media":343880,"template":"","meta":{"_acf_changed":false},"product_brand":[],"product_cat":[48,1049],"product_tag":[821],"class_list":{"0":"post-334800","1":"product","2":"type-product","3":"status-publish","4":"has-post-thumbnail","6":"pricegroup-166","7":"pricegroup-817","8":"productgroup-174","9":"productgroup-818","10":"product_cat-damentracht","11":"product_cat-westen-damentracht","12":"product_tag-herrenweste","13":"pa_farbe-blau","15":"first","16":"instock","17":"taxable","18":"shipping-taxable","19":"purchasable","20":"product-type-variable","21":"has-default-attributes"},"acf":[],"jetpack_sharing_enabled":true,"_links":{"self":[{"href":"https:\/\/www.salzburgerheimatwerk.at\/en\/wp-json\/wp\/v2\/product\/334800","targetHints":{"allow":["GET"]}}],"collection":[{"href":"https:\/\/www.salzburgerheimatwerk.at\/en\/wp-json\/wp\/v2\/product"}],"about":[{"href":"https:\/\/www.salzburgerheimatwerk.at\/en\/wp-json\/wp\/v2\/types\/product"}],"wp:featuredmedia":[{"embeddable":true,"href":"https:\/\/www.salzburgerheimatwerk.at\/en\/wp-json\/wp\/v2\/media\/343880"}],"wp:attachment":[{"href":"https:\/\/www.salzburgerheimatwerk.at\/en\/wp-json\/wp\/v2\/media?parent=334800"}],"wp:term":[{"taxonomy":"product_brand","embeddable":true,"href":"https:\/\/www.salzburgerheimatwerk.at\/en\/wp-json\/wp\/v2\/product_brand?post=334800"},{"taxonomy":"product_cat","embeddable":true,"href":"https:\/\/www.salzburgerheimatwerk.at\/en\/wp-json\/wp\/v2\/product_cat?post=334800"},{"taxonomy":"product_tag","embeddable":true,"href":"https:\/\/www.salzburgerheimatwerk.at\/en\/wp-json\/wp\/v2\/product_tag?post=334800"}],"curies":[{"name":"wp","href":"https:\/\/api.w.org\/{rel}","templated":true}]}}