{"id":334817,"date":"2025-03-27T07:16:44","date_gmt":"2025-03-27T06:16:44","guid":{"rendered":"https:\/\/www.salzburgerheimatwerk.at\/produkt\/uebers-ueberroeckl-3\/"},"modified":"2026-04-28T20:26:36","modified_gmt":"2026-04-28T18:26:36","slug":"uebers-ueberroeckl-3","status":"publish","type":"product","link":"https:\/\/www.salzburgerheimatwerk.at\/en\/produkt\/uebers-ueberroeckl-3\/","title":{"rendered":"\u00dcber`s \u00dcberr\u00f6ckl"},"content":{"rendered":"<p>Die Salzburger Tracht als Rarit\u00e4t ist seit der Aufnahme in das immaterielle Kulturerbe durch die UNESCO im Jahr 2021 wieder mehrls als Blickfeld der \u00d6ffentlichkeit ger\u00fcckt. Historisch aufgearbeitet und einer detaillierten Beschreibung unterzogen wird mit Bildern von damals und heute die Entstehungsgeschichte und Herstellungsprozesse beschrieben. Dabei sind diese Kleidungsst\u00fccke voll mit den Geschichten ihrer Tr\u00e4gerinnen, und ProduzentInnen, welche die Salzburger Tracht seit ihrer Entwicklung lebendig halten. Das Bewahren dieser Frauengeschichten und das Wissen um die Tracht wird dabei als generations\u00fcbergreifendes Anliegen betrachtet. <\/p>\n<p>200 Seiten<br \/>\nChristine Eberl<\/p>\n","protected":false},"excerpt":{"rendered":"<p>Die Salzburger Tracht als Rarit\u00e4t ist seit der Aufnahme in das immaterielle Kulturerbe durch die UNESCO im Jahr 2021 wieder mehrls als Blickfeld der&#8230;<\/p>\n","protected":false},"featured_media":334818,"template":"","meta":{"_acf_changed":false},"product_brand":[],"product_cat":[1218,2109],"product_tag":[2110],"class_list":{"0":"post-334817","1":"product","2":"type-product","3":"status-publish","4":"has-post-thumbnail","6":"pricegroup-1171","7":"pricegroup-2107","8":"productgroup-1173","9":"productgroup-2108","10":"product_cat-buecher-cds","11":"product_cat-dirndl-tracht-buecher","12":"product_tag-uebers-ueberroeckl","14":"first","15":"instock","16":"taxable","17":"shipping-taxable","18":"purchasable","19":"product-type-simple"},"acf":[],"jetpack_sharing_enabled":true,"_links":{"self":[{"href":"https:\/\/www.salzburgerheimatwerk.at\/en\/wp-json\/wp\/v2\/product\/334817","targetHints":{"allow":["GET"]}}],"collection":[{"href":"https:\/\/www.salzburgerheimatwerk.at\/en\/wp-json\/wp\/v2\/product"}],"about":[{"href":"https:\/\/www.salzburgerheimatwerk.at\/en\/wp-json\/wp\/v2\/types\/product"}],"wp:featuredmedia":[{"embeddable":true,"href":"https:\/\/www.salzburgerheimatwerk.at\/en\/wp-json\/wp\/v2\/media\/334818"}],"wp:attachment":[{"href":"https:\/\/www.salzburgerheimatwerk.at\/en\/wp-json\/wp\/v2\/media?parent=334817"}],"wp:term":[{"taxonomy":"product_brand","embeddable":true,"href":"https:\/\/www.salzburgerheimatwerk.at\/en\/wp-json\/wp\/v2\/product_brand?post=334817"},{"taxonomy":"product_cat","embeddable":true,"href":"https:\/\/www.salzburgerheimatwerk.at\/en\/wp-json\/wp\/v2\/product_cat?post=334817"},{"taxonomy":"product_tag","embeddable":true,"href":"https:\/\/www.salzburgerheimatwerk.at\/en\/wp-json\/wp\/v2\/product_tag?post=334817"}],"curies":[{"name":"wp","href":"https:\/\/api.w.org\/{rel}","templated":true}]}}