{"id":334973,"date":"2025-04-09T08:16:17","date_gmt":"2025-04-09T06:16:17","guid":{"rendered":"https:\/\/www.salzburgerheimatwerk.at\/produkt\/kurzarmbluse-in-schwarz\/"},"modified":"2026-04-28T19:17:13","modified_gmt":"2026-04-28T17:17:13","slug":"kurzarmbluse-in-schwarz","status":"publish","type":"product","link":"https:\/\/www.salzburgerheimatwerk.at\/en\/produkt\/kurzarmbluse-in-schwarz\/","title":{"rendered":"Kurzarmbluse in Schwarz"},"content":{"rendered":"<p>Schlichtes Sommertop aus elastischer Baumwolle f\u00fcr den perfekten Tragekompfort. Ohne Kn\u00f6pfe &#8211; direkt hinein schlupfen mit kleinen &#8220;Fl\u00fcgel-\u00e4rmel&#8221; unkompliziert und perfekt kombinierbar.<\/p>\n","protected":false},"excerpt":{"rendered":"<p>Schlichtes Sommertop aus elastischer Baumwolle f\u00fcr den perfekten Tragekompfort. Ohne Kn\u00f6pfe &#8211; direkt hinein schlupfen mit kleinen &#8220;Fl\u00fcgel-\u00e4rmel&#8221; unkompliziert und perfekt&#8230;<\/p>\n","protected":false},"featured_media":335424,"template":"","meta":{"_acf_changed":false},"product_brand":[],"product_cat":[48,52],"product_tag":[1495],"class_list":{"0":"post-334973","1":"product","2":"type-product","3":"status-publish","4":"has-post-thumbnail","6":"pricegroup-256","7":"pricegroup-202","8":"productgroup-257","9":"productgroup-204","10":"product_cat-damentracht","11":"product_cat-blusen-shirts","12":"product_tag-bluse","13":"pa_farbe-schwarz","15":"first","16":"instock","17":"taxable","18":"shipping-taxable","19":"purchasable","20":"product-type-variable","21":"has-default-attributes"},"acf":[],"jetpack_sharing_enabled":true,"_links":{"self":[{"href":"https:\/\/www.salzburgerheimatwerk.at\/en\/wp-json\/wp\/v2\/product\/334973","targetHints":{"allow":["GET"]}}],"collection":[{"href":"https:\/\/www.salzburgerheimatwerk.at\/en\/wp-json\/wp\/v2\/product"}],"about":[{"href":"https:\/\/www.salzburgerheimatwerk.at\/en\/wp-json\/wp\/v2\/types\/product"}],"wp:featuredmedia":[{"embeddable":true,"href":"https:\/\/www.salzburgerheimatwerk.at\/en\/wp-json\/wp\/v2\/media\/335424"}],"wp:attachment":[{"href":"https:\/\/www.salzburgerheimatwerk.at\/en\/wp-json\/wp\/v2\/media?parent=334973"}],"wp:term":[{"taxonomy":"product_brand","embeddable":true,"href":"https:\/\/www.salzburgerheimatwerk.at\/en\/wp-json\/wp\/v2\/product_brand?post=334973"},{"taxonomy":"product_cat","embeddable":true,"href":"https:\/\/www.salzburgerheimatwerk.at\/en\/wp-json\/wp\/v2\/product_cat?post=334973"},{"taxonomy":"product_tag","embeddable":true,"href":"https:\/\/www.salzburgerheimatwerk.at\/en\/wp-json\/wp\/v2\/product_tag?post=334973"}],"curies":[{"name":"wp","href":"https:\/\/api.w.org\/{rel}","templated":true}]}}