{"id":334981,"date":"2025-04-09T08:16:19","date_gmt":"2025-04-09T06:16:19","guid":{"rendered":"https:\/\/www.salzburgerheimatwerk.at\/produkt\/dirndl-maja\/"},"modified":"2026-04-28T19:19:09","modified_gmt":"2026-04-28T17:19:09","slug":"dirndl-maja","status":"publish","type":"product","link":"https:\/\/www.salzburgerheimatwerk.at\/en\/produkt\/dirndl-maja\/","title":{"rendered":"Dirndl Maja"},"content":{"rendered":"<p>Festliches elegantes Dirndl in zarten Mintt\u00f6nen. Das Oberteil im Miederschnitt ist mit Perlenkn\u00f6pfen geschm\u00fcckt und am Ausschnitt ziert eine Herzerlr\u00fcsche. Der Rock ist in 6 Bahnen geschnitten und hat eine L\u00e4nge von 80 cm. Die handbedruckte Seidensch\u00fcrze in zarten mint-blau-rosa T\u00f6nen vollendet diesen wundersch\u00f6nen Look. Auch f\u00fcr ideal f\u00fcr Hochzeiten und festliche Anl\u00e4sse.<\/p>\n","protected":false},"excerpt":{"rendered":"<p>Festliches elegantes Dirndl in zarten Mintt\u00f6nen. Das Oberteil im Miederschnitt ist mit Perlenkn\u00f6pfen geschm\u00fcckt und am Ausschnitt ziert eine Herzerlr\u00fcsche. Der Rock ist in&#8230;<\/p>\n","protected":false},"featured_media":335425,"template":"","meta":{"_acf_changed":false},"product_brand":[],"product_cat":[48,49],"product_tag":[2559],"class_list":{"0":"post-334981","1":"product","2":"type-product","3":"status-publish","4":"has-post-thumbnail","6":"pricegroup-202","7":"pricegroup-312","8":"productgroup-204","9":"productgroup-313","10":"product_cat-damentracht","11":"product_cat-dirndl-kleider","12":"product_tag-dirndl-maja","13":"pa_farbe-gruen","15":"first","16":"instock","17":"taxable","18":"shipping-taxable","19":"purchasable","20":"product-type-variable","21":"has-default-attributes"},"acf":[],"jetpack_sharing_enabled":true,"_links":{"self":[{"href":"https:\/\/www.salzburgerheimatwerk.at\/en\/wp-json\/wp\/v2\/product\/334981","targetHints":{"allow":["GET"]}}],"collection":[{"href":"https:\/\/www.salzburgerheimatwerk.at\/en\/wp-json\/wp\/v2\/product"}],"about":[{"href":"https:\/\/www.salzburgerheimatwerk.at\/en\/wp-json\/wp\/v2\/types\/product"}],"wp:featuredmedia":[{"embeddable":true,"href":"https:\/\/www.salzburgerheimatwerk.at\/en\/wp-json\/wp\/v2\/media\/335425"}],"wp:attachment":[{"href":"https:\/\/www.salzburgerheimatwerk.at\/en\/wp-json\/wp\/v2\/media?parent=334981"}],"wp:term":[{"taxonomy":"product_brand","embeddable":true,"href":"https:\/\/www.salzburgerheimatwerk.at\/en\/wp-json\/wp\/v2\/product_brand?post=334981"},{"taxonomy":"product_cat","embeddable":true,"href":"https:\/\/www.salzburgerheimatwerk.at\/en\/wp-json\/wp\/v2\/product_cat?post=334981"},{"taxonomy":"product_tag","embeddable":true,"href":"https:\/\/www.salzburgerheimatwerk.at\/en\/wp-json\/wp\/v2\/product_tag?post=334981"}],"curies":[{"name":"wp","href":"https:\/\/api.w.org\/{rel}","templated":true}]}}