{"id":335020,"date":"2025-04-09T08:16:37","date_gmt":"2025-04-09T06:16:37","guid":{"rendered":"https:\/\/www.salzburgerheimatwerk.at\/produkt\/damenbluse-4\/"},"modified":"2026-04-28T19:19:10","modified_gmt":"2026-04-28T17:19:10","slug":"damenbluse-4","status":"publish","type":"product","link":"https:\/\/www.salzburgerheimatwerk.at\/en\/produkt\/damenbluse-4\/","title":{"rendered":"Damenbluse"},"content":{"rendered":"<p>Festliche taillierte Damenbluse mit Stehkragen. Die R\u00fcschen und die f\u00e4rbige Paspoil sind ein echter Hingucker und geben dieser Bluse einen eleganten Touch. Die Kn\u00f6pfe sind aus Stoff \u00fcberzogen. Perfekte Erg\u00e4nzung zu einem edlen  Rock und auch einer Hose.<\/p>\n","protected":false},"excerpt":{"rendered":"<p>Festliche taillierte Damenbluse mit Stehkragen. Die R\u00fcschen und die f\u00e4rbige Paspoil sind ein echter Hingucker und geben dieser Bluse einen eleganten Touch. Die Kn\u00f6pfe&#8230;<\/p>\n","protected":false},"featured_media":335438,"template":"","meta":{"_acf_changed":false},"product_brand":[],"product_cat":[48,52],"product_tag":[258],"class_list":{"0":"post-335020","1":"product","2":"type-product","3":"status-publish","4":"has-post-thumbnail","6":"pricegroup-202","7":"pricegroup-256","8":"productgroup-204","9":"productgroup-257","10":"product_cat-damentracht","11":"product_cat-blusen-shirts","12":"product_tag-damenbluse","13":"pa_farbe-rosa","14":"pa_farbe-weiss","15":"pa_farbe-mehrfarbig","17":"first","18":"instock","19":"taxable","20":"shipping-taxable","21":"purchasable","22":"product-type-variable","23":"has-default-attributes"},"acf":[],"jetpack_sharing_enabled":true,"_links":{"self":[{"href":"https:\/\/www.salzburgerheimatwerk.at\/en\/wp-json\/wp\/v2\/product\/335020","targetHints":{"allow":["GET"]}}],"collection":[{"href":"https:\/\/www.salzburgerheimatwerk.at\/en\/wp-json\/wp\/v2\/product"}],"about":[{"href":"https:\/\/www.salzburgerheimatwerk.at\/en\/wp-json\/wp\/v2\/types\/product"}],"wp:featuredmedia":[{"embeddable":true,"href":"https:\/\/www.salzburgerheimatwerk.at\/en\/wp-json\/wp\/v2\/media\/335438"}],"wp:attachment":[{"href":"https:\/\/www.salzburgerheimatwerk.at\/en\/wp-json\/wp\/v2\/media?parent=335020"}],"wp:term":[{"taxonomy":"product_brand","embeddable":true,"href":"https:\/\/www.salzburgerheimatwerk.at\/en\/wp-json\/wp\/v2\/product_brand?post=335020"},{"taxonomy":"product_cat","embeddable":true,"href":"https:\/\/www.salzburgerheimatwerk.at\/en\/wp-json\/wp\/v2\/product_cat?post=335020"},{"taxonomy":"product_tag","embeddable":true,"href":"https:\/\/www.salzburgerheimatwerk.at\/en\/wp-json\/wp\/v2\/product_tag?post=335020"}],"curies":[{"name":"wp","href":"https:\/\/api.w.org\/{rel}","templated":true}]}}