{"id":335029,"date":"2025-04-09T08:16:41","date_gmt":"2025-04-09T06:16:41","guid":{"rendered":"https:\/\/www.salzburgerheimatwerk.at\/produkt\/damenrock-aus-dupionseide\/"},"modified":"2026-04-28T19:19:10","modified_gmt":"2026-04-28T17:19:10","slug":"damenrock-aus-dupionseide","status":"publish","type":"product","link":"https:\/\/www.salzburgerheimatwerk.at\/en\/produkt\/damenrock-aus-dupionseide\/","title":{"rendered":"Damenrock aus Dupionseide"},"content":{"rendered":"<p>Festlicher Reinseidenrock mit floralem Stick. In Falten gelegt, schmeichelt er jeder Figur. Die inkludierte Seidensch\u00e4rpe vollendet dieser edle Begleiter f\u00fcr festliche Anl\u00e4sse. Das Design der Kitzb\u00fchler Designerin Michaela Feyrsinger besticht durch seine perfekte Passform und hochwertige Verarbeitung.<\/p>\n","protected":false},"excerpt":{"rendered":"<p>Festlicher Reinseidenrock mit floralem Stick. In Falten gelegt, schmeichelt er jeder Figur. Die inkludierte Seidensch\u00e4rpe vollendet dieser edle Begleiter f\u00fcr festliche Anl\u00e4sse. Das Design&#8230;<\/p>\n","protected":false},"featured_media":335441,"template":"","meta":{"_acf_changed":false},"product_brand":[],"product_cat":[48,50],"product_tag":[2560],"class_list":{"0":"post-335029","1":"product","2":"type-product","3":"status-publish","4":"has-post-thumbnail","6":"pricegroup-289","7":"pricegroup-202","8":"productgroup-290","9":"productgroup-204","10":"product_cat-damentracht","11":"product_cat-roecke-hosen","12":"product_tag-damenseidenrock","13":"pa_farbe-rosa","15":"first","16":"instock","17":"taxable","18":"shipping-taxable","19":"purchasable","20":"product-type-variable","21":"has-default-attributes"},"acf":[],"jetpack_sharing_enabled":true,"_links":{"self":[{"href":"https:\/\/www.salzburgerheimatwerk.at\/en\/wp-json\/wp\/v2\/product\/335029","targetHints":{"allow":["GET"]}}],"collection":[{"href":"https:\/\/www.salzburgerheimatwerk.at\/en\/wp-json\/wp\/v2\/product"}],"about":[{"href":"https:\/\/www.salzburgerheimatwerk.at\/en\/wp-json\/wp\/v2\/types\/product"}],"wp:featuredmedia":[{"embeddable":true,"href":"https:\/\/www.salzburgerheimatwerk.at\/en\/wp-json\/wp\/v2\/media\/335441"}],"wp:attachment":[{"href":"https:\/\/www.salzburgerheimatwerk.at\/en\/wp-json\/wp\/v2\/media?parent=335029"}],"wp:term":[{"taxonomy":"product_brand","embeddable":true,"href":"https:\/\/www.salzburgerheimatwerk.at\/en\/wp-json\/wp\/v2\/product_brand?post=335029"},{"taxonomy":"product_cat","embeddable":true,"href":"https:\/\/www.salzburgerheimatwerk.at\/en\/wp-json\/wp\/v2\/product_cat?post=335029"},{"taxonomy":"product_tag","embeddable":true,"href":"https:\/\/www.salzburgerheimatwerk.at\/en\/wp-json\/wp\/v2\/product_tag?post=335029"}],"curies":[{"name":"wp","href":"https:\/\/api.w.org\/{rel}","templated":true}]}}