{"id":335037,"date":"2025-04-09T08:16:45","date_gmt":"2025-04-09T06:16:45","guid":{"rendered":"https:\/\/www.salzburgerheimatwerk.at\/produkt\/damen-leinengehrock\/"},"modified":"2026-04-28T19:19:09","modified_gmt":"2026-04-28T17:19:09","slug":"damen-leinengehrock","status":"publish","type":"product","link":"https:\/\/www.salzburgerheimatwerk.at\/en\/produkt\/damen-leinengehrock\/","title":{"rendered":"Damen Leinengehrock"},"content":{"rendered":"<p>Eleganter, sommerlicher Damenblaser silbernen Kn\u00f6pfen. Der Stehkragen, die Paspeltaschen und der Armabschlu\u00df sind in dunkelblauem Leinen gearbeitet. Zus\u00e4tzlich ist der Kragen und die vordere Kante mit wei\u00dfem Leinen abpassepouliert sowie die R\u00fcckenmitte mit einem wei\u00dfen Leinenpassepoile bis zum Schlitz betont. R\u00fcckenl\u00e4nge ca. 70cm<\/p>\n","protected":false},"excerpt":{"rendered":"<p>Eleganter, sommerlicher Damenblaser silbernen Kn\u00f6pfen. Der Stehkragen, die Paspeltaschen und der Armabschlu\u00df sind in dunkelblauem Leinen gearbeitet. Zus\u00e4tzlich ist der Kragen und die vordere&#8230;<\/p>\n","protected":false},"featured_media":335444,"template":"","meta":{"_acf_changed":false},"product_brand":[],"product_cat":[1098,48,304],"product_tag":[1638],"class_list":{"0":"post-335037","1":"product","2":"type-product","3":"status-publish","4":"has-post-thumbnail","6":"pricegroup-202","7":"pricegroup-302","8":"productgroup-204","9":"productgroup-303","10":"product_cat-blazer","11":"product_cat-damentracht","12":"product_cat-jacken-maentel-damentracht","13":"product_tag-gehrock","14":"pa_farbe-pink","16":"first","17":"instock","18":"taxable","19":"shipping-taxable","20":"purchasable","21":"product-type-variable","22":"has-default-attributes"},"acf":[],"jetpack_sharing_enabled":true,"_links":{"self":[{"href":"https:\/\/www.salzburgerheimatwerk.at\/en\/wp-json\/wp\/v2\/product\/335037","targetHints":{"allow":["GET"]}}],"collection":[{"href":"https:\/\/www.salzburgerheimatwerk.at\/en\/wp-json\/wp\/v2\/product"}],"about":[{"href":"https:\/\/www.salzburgerheimatwerk.at\/en\/wp-json\/wp\/v2\/types\/product"}],"wp:featuredmedia":[{"embeddable":true,"href":"https:\/\/www.salzburgerheimatwerk.at\/en\/wp-json\/wp\/v2\/media\/335444"}],"wp:attachment":[{"href":"https:\/\/www.salzburgerheimatwerk.at\/en\/wp-json\/wp\/v2\/media?parent=335037"}],"wp:term":[{"taxonomy":"product_brand","embeddable":true,"href":"https:\/\/www.salzburgerheimatwerk.at\/en\/wp-json\/wp\/v2\/product_brand?post=335037"},{"taxonomy":"product_cat","embeddable":true,"href":"https:\/\/www.salzburgerheimatwerk.at\/en\/wp-json\/wp\/v2\/product_cat?post=335037"},{"taxonomy":"product_tag","embeddable":true,"href":"https:\/\/www.salzburgerheimatwerk.at\/en\/wp-json\/wp\/v2\/product_tag?post=335037"}],"curies":[{"name":"wp","href":"https:\/\/api.w.org\/{rel}","templated":true}]}}