{"id":335051,"date":"2025-04-09T08:16:52","date_gmt":"2025-04-09T06:16:52","guid":{"rendered":"https:\/\/www.salzburgerheimatwerk.at\/produkt\/sommerlichers-blusenkleid\/"},"modified":"2026-04-28T20:27:10","modified_gmt":"2026-04-28T18:27:10","slug":"sommerlichers-blusenkleid","status":"publish","type":"product","link":"https:\/\/www.salzburgerheimatwerk.at\/en\/produkt\/sommerlichers-blusenkleid\/","title":{"rendered":"Sommerlichers Blusenkleid"},"content":{"rendered":"<p>Wundersch\u00f6nes Kleid aus reiner Baumwolle mit buntem floralem Druck. Das Blusenkleid hat 3\/4 \u00c4rmel, V-Ausschnitt mit kleinem Stehkragen und einer vorderen, verdeckten Knopfleiste.  Das Kleid wird mit G\u00fcrtel getragen welcher im gleichen Stoff wie das Kleid inkludiert ist. Mit einer dazupassenden Seidensch\u00e4rpe wird das Kleid auch zum eleganten Begleiter f\u00fcr feierliche Anl\u00e4sse.  Das Kleid wurde von der Kitzb\u00fchler Designerin Michaela Feyrsinger entworfen und ist ein herrlicher Begleiter f\u00fcr jedes Event.<\/p>\n","protected":false},"excerpt":{"rendered":"<p>Wundersch\u00f6nes Kleid aus reiner Baumwolle mit buntem floralem Druck. Das Blusenkleid hat 3\/4 \u00c4rmel, V-Ausschnitt mit kleinem Stehkragen und einer vorderen, verdeckten Knopfleiste. &#8230;<\/p>\n","protected":false},"featured_media":335450,"template":"","meta":{"_acf_changed":false},"product_brand":[],"product_cat":[48,49],"product_tag":[2352],"class_list":{"0":"post-335051","1":"product","2":"type-product","3":"status-publish","4":"has-post-thumbnail","6":"pricegroup-202","7":"pricegroup-298","8":"productgroup-299","9":"productgroup-204","10":"product_cat-damentracht","11":"product_cat-dirndl-kleider","12":"product_tag-blusenkleid","13":"pa_farbe-mehrfarbig","15":"first","16":"instock","17":"taxable","18":"shipping-taxable","19":"purchasable","20":"product-type-variable","21":"has-default-attributes"},"acf":[],"jetpack_sharing_enabled":true,"_links":{"self":[{"href":"https:\/\/www.salzburgerheimatwerk.at\/en\/wp-json\/wp\/v2\/product\/335051","targetHints":{"allow":["GET"]}}],"collection":[{"href":"https:\/\/www.salzburgerheimatwerk.at\/en\/wp-json\/wp\/v2\/product"}],"about":[{"href":"https:\/\/www.salzburgerheimatwerk.at\/en\/wp-json\/wp\/v2\/types\/product"}],"wp:featuredmedia":[{"embeddable":true,"href":"https:\/\/www.salzburgerheimatwerk.at\/en\/wp-json\/wp\/v2\/media\/335450"}],"wp:attachment":[{"href":"https:\/\/www.salzburgerheimatwerk.at\/en\/wp-json\/wp\/v2\/media?parent=335051"}],"wp:term":[{"taxonomy":"product_brand","embeddable":true,"href":"https:\/\/www.salzburgerheimatwerk.at\/en\/wp-json\/wp\/v2\/product_brand?post=335051"},{"taxonomy":"product_cat","embeddable":true,"href":"https:\/\/www.salzburgerheimatwerk.at\/en\/wp-json\/wp\/v2\/product_cat?post=335051"},{"taxonomy":"product_tag","embeddable":true,"href":"https:\/\/www.salzburgerheimatwerk.at\/en\/wp-json\/wp\/v2\/product_tag?post=335051"}],"curies":[{"name":"wp","href":"https:\/\/api.w.org\/{rel}","templated":true}]}}