{"id":335064,"date":"2025-04-09T08:16:58","date_gmt":"2025-04-09T06:16:58","guid":{"rendered":"https:\/\/www.salzburgerheimatwerk.at\/produkt\/dirndl-maria\/"},"modified":"2026-04-28T20:27:13","modified_gmt":"2026-04-28T18:27:13","slug":"dirndl-maria","status":"publish","type":"product","link":"https:\/\/www.salzburgerheimatwerk.at\/en\/produkt\/dirndl-maria\/","title":{"rendered":"Dirndl Maria"},"content":{"rendered":"<p>Sommerliches Dirndl in rosa Leinenoberteil im Mieder Schnitt. Die passenden Kn\u00f6pfe in rosa harmonieren wunderbar mit dem Oberteil. Der bunt gemusterte Baumwollrock aus Salzburg ist in Falten gelegt. Die fertige L\u00e4nge des Rockes mit 70cm ist ideal f\u00fcr den Sommer und die gr\u00fcne Leinensch\u00fcrze wirkt sehr duftig darauf.<br \/>\nDieses Dirndl ist eines von 3 Modellen aus der Jubil\u00e4umskollektion &#8220;60 Jahre Sound of Music&#8221;.<\/p>\n","protected":false},"excerpt":{"rendered":"<p>Sommerliches Dirndl in rosa Leinenoberteil im Mieder Schnitt. Die passenden Kn\u00f6pfe in rosa harmonieren wunderbar mit dem Oberteil. Der bunt gemusterte Baumwollrock aus Salzburg&#8230;<\/p>\n","protected":false},"featured_media":335455,"template":"","meta":{"_acf_changed":false},"product_brand":[],"product_cat":[48,49],"product_tag":[2561],"class_list":{"0":"post-335064","1":"product","2":"type-product","3":"status-publish","4":"has-post-thumbnail","6":"pricegroup-312","7":"pricegroup-202","8":"productgroup-313","9":"productgroup-204","10":"product_cat-damentracht","11":"product_cat-dirndl-kleider","12":"product_tag-dirndl-maria","13":"pa_farbe-mehrfarbig","15":"first","16":"instock","17":"taxable","18":"shipping-taxable","19":"purchasable","20":"product-type-variable","21":"has-default-attributes"},"acf":[],"jetpack_sharing_enabled":true,"_links":{"self":[{"href":"https:\/\/www.salzburgerheimatwerk.at\/en\/wp-json\/wp\/v2\/product\/335064","targetHints":{"allow":["GET"]}}],"collection":[{"href":"https:\/\/www.salzburgerheimatwerk.at\/en\/wp-json\/wp\/v2\/product"}],"about":[{"href":"https:\/\/www.salzburgerheimatwerk.at\/en\/wp-json\/wp\/v2\/types\/product"}],"wp:featuredmedia":[{"embeddable":true,"href":"https:\/\/www.salzburgerheimatwerk.at\/en\/wp-json\/wp\/v2\/media\/335455"}],"wp:attachment":[{"href":"https:\/\/www.salzburgerheimatwerk.at\/en\/wp-json\/wp\/v2\/media?parent=335064"}],"wp:term":[{"taxonomy":"product_brand","embeddable":true,"href":"https:\/\/www.salzburgerheimatwerk.at\/en\/wp-json\/wp\/v2\/product_brand?post=335064"},{"taxonomy":"product_cat","embeddable":true,"href":"https:\/\/www.salzburgerheimatwerk.at\/en\/wp-json\/wp\/v2\/product_cat?post=335064"},{"taxonomy":"product_tag","embeddable":true,"href":"https:\/\/www.salzburgerheimatwerk.at\/en\/wp-json\/wp\/v2\/product_tag?post=335064"}],"curies":[{"name":"wp","href":"https:\/\/api.w.org\/{rel}","templated":true}]}}