{"id":335079,"date":"2025-04-09T08:18:02","date_gmt":"2025-04-09T06:18:02","guid":{"rendered":"https:\/\/www.salzburgerheimatwerk.at\/produkt\/dirndl-fiona\/"},"modified":"2026-04-28T19:19:10","modified_gmt":"2026-04-28T17:19:10","slug":"dirndl-fiona","status":"publish","type":"product","link":"https:\/\/www.salzburgerheimatwerk.at\/en\/produkt\/dirndl-fiona\/","title":{"rendered":"Dirndl Fiona"},"content":{"rendered":"<p>Sommerliches Dirndl in den Farben Lavendel und Flieder. Der farblich gemusterte Rock im Baumwollsatin hat eine fertige L\u00e4nge von 70cm und ist in Falten gelegt. Die passende Wildseidensch\u00fcrze in Flieder ist dazu farblich stimmig und der Miederschnitt mit Kn\u00f6pfen ist am Ausschnitt passend mit dem Sch\u00fcrzenstoff paspoiliert.<\/p>\n","protected":false},"excerpt":{"rendered":"<p>Sommerliches Dirndl in den Farben Lavendel und Flieder. Der farblich gemusterte Rock im Baumwollsatin hat eine fertige L\u00e4nge von 70cm und ist in Falten&#8230;<\/p>\n","protected":false},"featured_media":335461,"template":"","meta":{"_acf_changed":false},"product_brand":[],"product_cat":[48,49],"product_tag":[2084],"class_list":{"0":"post-335079","1":"product","2":"type-product","3":"status-publish","4":"has-post-thumbnail","6":"pricegroup-312","7":"pricegroup-202","8":"productgroup-313","9":"productgroup-204","10":"product_cat-damentracht","11":"product_cat-dirndl-kleider","12":"product_tag-dirndl-fiona","14":"first","15":"instock","16":"taxable","17":"shipping-taxable","18":"purchasable","19":"product-type-variable","20":"has-default-attributes"},"acf":[],"jetpack_sharing_enabled":true,"_links":{"self":[{"href":"https:\/\/www.salzburgerheimatwerk.at\/en\/wp-json\/wp\/v2\/product\/335079","targetHints":{"allow":["GET"]}}],"collection":[{"href":"https:\/\/www.salzburgerheimatwerk.at\/en\/wp-json\/wp\/v2\/product"}],"about":[{"href":"https:\/\/www.salzburgerheimatwerk.at\/en\/wp-json\/wp\/v2\/types\/product"}],"wp:featuredmedia":[{"embeddable":true,"href":"https:\/\/www.salzburgerheimatwerk.at\/en\/wp-json\/wp\/v2\/media\/335461"}],"wp:attachment":[{"href":"https:\/\/www.salzburgerheimatwerk.at\/en\/wp-json\/wp\/v2\/media?parent=335079"}],"wp:term":[{"taxonomy":"product_brand","embeddable":true,"href":"https:\/\/www.salzburgerheimatwerk.at\/en\/wp-json\/wp\/v2\/product_brand?post=335079"},{"taxonomy":"product_cat","embeddable":true,"href":"https:\/\/www.salzburgerheimatwerk.at\/en\/wp-json\/wp\/v2\/product_cat?post=335079"},{"taxonomy":"product_tag","embeddable":true,"href":"https:\/\/www.salzburgerheimatwerk.at\/en\/wp-json\/wp\/v2\/product_tag?post=335079"}],"curies":[{"name":"wp","href":"https:\/\/api.w.org\/{rel}","templated":true}]}}