{"id":335108,"date":"2025-04-09T08:18:20","date_gmt":"2025-04-09T06:18:20","guid":{"rendered":"https:\/\/www.salzburgerheimatwerk.at\/produkt\/seidenkleid-mit-schaerpe\/"},"modified":"2026-04-28T19:19:10","modified_gmt":"2026-04-28T17:19:10","slug":"seidenkleid-mit-schaerpe","status":"publish","type":"product","link":"https:\/\/www.salzburgerheimatwerk.at\/en\/produkt\/seidenkleid-mit-schaerpe\/","title":{"rendered":"Seidenkleid mit Sch\u00e4rpe"},"content":{"rendered":"<p>Traumhaftes elegantes Seidenkleid mit dezenten Puff\u00e4rmel passend f\u00fcr alles festlichen Anl\u00e4sse. Dieses Kleid im edlen Farbton oliv ist mit Perlmuttkn\u00f6pfen verziert und durchgenkn\u00f6pft. Praktische Seitentaschen sorgen f\u00fcr zus\u00e4tzlichen Komfort und die passende Schleife sorgt f\u00fcr pure Eleganz.<\/p>\n","protected":false},"excerpt":{"rendered":"<p>Traumhaftes elegantes Seidenkleid mit dezenten Puff\u00e4rmel passend f\u00fcr alles festlichen Anl\u00e4sse. Dieses Kleid im edlen Farbton oliv ist mit Perlmuttkn\u00f6pfen verziert und durchgenkn\u00f6pft. Praktische&#8230;<\/p>\n","protected":false},"featured_media":335476,"template":"","meta":{"_acf_changed":false},"product_brand":[],"product_cat":[48,49],"product_tag":[2563],"class_list":{"0":"post-335108","1":"product","2":"type-product","3":"status-publish","4":"has-post-thumbnail","6":"pricegroup-298","7":"pricegroup-202","8":"productgroup-299","9":"productgroup-204","10":"product_cat-damentracht","11":"product_cat-dirndl-kleider","12":"product_tag-seidenkleid","13":"pa_farbe-oliv","15":"first","16":"instock","17":"taxable","18":"shipping-taxable","19":"purchasable","20":"product-type-variable","21":"has-default-attributes"},"acf":[],"jetpack_sharing_enabled":true,"_links":{"self":[{"href":"https:\/\/www.salzburgerheimatwerk.at\/en\/wp-json\/wp\/v2\/product\/335108","targetHints":{"allow":["GET"]}}],"collection":[{"href":"https:\/\/www.salzburgerheimatwerk.at\/en\/wp-json\/wp\/v2\/product"}],"about":[{"href":"https:\/\/www.salzburgerheimatwerk.at\/en\/wp-json\/wp\/v2\/types\/product"}],"wp:featuredmedia":[{"embeddable":true,"href":"https:\/\/www.salzburgerheimatwerk.at\/en\/wp-json\/wp\/v2\/media\/335476"}],"wp:attachment":[{"href":"https:\/\/www.salzburgerheimatwerk.at\/en\/wp-json\/wp\/v2\/media?parent=335108"}],"wp:term":[{"taxonomy":"product_brand","embeddable":true,"href":"https:\/\/www.salzburgerheimatwerk.at\/en\/wp-json\/wp\/v2\/product_brand?post=335108"},{"taxonomy":"product_cat","embeddable":true,"href":"https:\/\/www.salzburgerheimatwerk.at\/en\/wp-json\/wp\/v2\/product_cat?post=335108"},{"taxonomy":"product_tag","embeddable":true,"href":"https:\/\/www.salzburgerheimatwerk.at\/en\/wp-json\/wp\/v2\/product_tag?post=335108"}],"curies":[{"name":"wp","href":"https:\/\/api.w.org\/{rel}","templated":true}]}}