{"id":335121,"date":"2025-04-09T08:18:26","date_gmt":"2025-04-09T06:18:26","guid":{"rendered":"https:\/\/www.salzburgerheimatwerk.at\/produkt\/dirndlbluse-reinleinen\/"},"modified":"2025-04-14T08:18:27","modified_gmt":"2025-04-14T06:18:27","slug":"dirndlbluse-reinleinen","status":"publish","type":"product","link":"https:\/\/www.salzburgerheimatwerk.at\/en\/produkt\/dirndlbluse-reinleinen\/","title":{"rendered":"Dirndlbluse Reinleinen"},"content":{"rendered":"<p>Diese Dirndlbluse aus Reinleinen mit Stehkragen und  V-Ausschnitt ist ideal f\u00fcr hei\u00dfe Sommertage im Dirndl. Die ger\u00fcschten Fl\u00fcgel\u00e4rmel verleihen dieser Bluse eine feminine Leichtigkeit.<\/p>\n","protected":false},"excerpt":{"rendered":"<p>Diese Dirndlbluse aus Reinleinen mit Stehkragen und  V-Ausschnitt ist ideal f\u00fcr hei\u00dfe Sommertage im Dirndl. Die ger\u00fcschten Fl\u00fcgel\u00e4rmel verleihen dieser Bluse eine feminine&#8230;<\/p>\n","protected":false},"featured_media":335482,"template":"","meta":{"_acf_changed":false},"product_brand":[],"product_cat":[48,52],"product_tag":[2564],"class_list":{"0":"post-335121","1":"product","2":"type-product","3":"status-publish","4":"has-post-thumbnail","6":"pricegroup-202","7":"pricegroup-312","8":"productgroup-204","9":"productgroup-313","10":"product_cat-damentracht","11":"product_cat-blusen-shirts","12":"product_tag-leinendirndl","14":"first","15":"instock","16":"taxable","17":"shipping-taxable","18":"purchasable","19":"product-type-simple"},"acf":[],"jetpack_sharing_enabled":true,"_links":{"self":[{"href":"https:\/\/www.salzburgerheimatwerk.at\/en\/wp-json\/wp\/v2\/product\/335121","targetHints":{"allow":["GET"]}}],"collection":[{"href":"https:\/\/www.salzburgerheimatwerk.at\/en\/wp-json\/wp\/v2\/product"}],"about":[{"href":"https:\/\/www.salzburgerheimatwerk.at\/en\/wp-json\/wp\/v2\/types\/product"}],"wp:featuredmedia":[{"embeddable":true,"href":"https:\/\/www.salzburgerheimatwerk.at\/en\/wp-json\/wp\/v2\/media\/335482"}],"wp:attachment":[{"href":"https:\/\/www.salzburgerheimatwerk.at\/en\/wp-json\/wp\/v2\/media?parent=335121"}],"wp:term":[{"taxonomy":"product_brand","embeddable":true,"href":"https:\/\/www.salzburgerheimatwerk.at\/en\/wp-json\/wp\/v2\/product_brand?post=335121"},{"taxonomy":"product_cat","embeddable":true,"href":"https:\/\/www.salzburgerheimatwerk.at\/en\/wp-json\/wp\/v2\/product_cat?post=335121"},{"taxonomy":"product_tag","embeddable":true,"href":"https:\/\/www.salzburgerheimatwerk.at\/en\/wp-json\/wp\/v2\/product_tag?post=335121"}],"curies":[{"name":"wp","href":"https:\/\/api.w.org\/{rel}","templated":true}]}}