{"id":335540,"date":"2025-04-15T08:16:02","date_gmt":"2025-04-15T06:16:02","guid":{"rendered":"https:\/\/www.salzburgerheimatwerk.at\/produkt\/damenrock-rosa\/"},"modified":"2026-04-28T18:27:14","modified_gmt":"2026-04-28T16:27:14","slug":"damenrock-rosa","status":"publish","type":"product","link":"https:\/\/www.salzburgerheimatwerk.at\/en\/produkt\/damenrock-rosa\/","title":{"rendered":"Damenrock rosa"},"content":{"rendered":"<p>Dieser leichter Sommerrock aus einer d\u00fcnnen Leinen-Baumwollqualit\u00e4t ist Sommer angenehm zu tragen. Der breite Stretch-Bund sorgt f\u00fcr Komfort und erspart \u00c4rger mit Rei\u00dfverschl\u00fcssen oder Kn\u00f6pfen, weshalb er die perfekte Wahl ist, wenn es einmal schnell gehen muss.<\/p>\n","protected":false},"excerpt":{"rendered":"<p>Dieser leichter Sommerrock aus einer d\u00fcnnen Leinen-Baumwollqualit\u00e4t ist Sommer angenehm zu tragen. Der breite Stretch-Bund sorgt f\u00fcr Komfort und erspart \u00c4rger mit Rei\u00dfverschl\u00fcssen oder&#8230;<\/p>\n","protected":false},"featured_media":343857,"template":"","meta":{"_acf_changed":false},"product_brand":[],"product_cat":[48,50],"product_tag":[1922],"class_list":{"0":"post-335540","1":"product","2":"type-product","3":"status-publish","4":"has-post-thumbnail","6":"pricegroup-202","7":"pricegroup-289","8":"productgroup-204","9":"productgroup-290","10":"product_cat-damentracht","11":"product_cat-roecke-hosen","12":"product_tag-damenrock","13":"pa_farbe-rosa","15":"first","16":"instock","17":"taxable","18":"shipping-taxable","19":"purchasable","20":"product-type-variable","21":"has-default-attributes"},"acf":[],"jetpack_sharing_enabled":true,"_links":{"self":[{"href":"https:\/\/www.salzburgerheimatwerk.at\/en\/wp-json\/wp\/v2\/product\/335540","targetHints":{"allow":["GET"]}}],"collection":[{"href":"https:\/\/www.salzburgerheimatwerk.at\/en\/wp-json\/wp\/v2\/product"}],"about":[{"href":"https:\/\/www.salzburgerheimatwerk.at\/en\/wp-json\/wp\/v2\/types\/product"}],"wp:featuredmedia":[{"embeddable":true,"href":"https:\/\/www.salzburgerheimatwerk.at\/en\/wp-json\/wp\/v2\/media\/343857"}],"wp:attachment":[{"href":"https:\/\/www.salzburgerheimatwerk.at\/en\/wp-json\/wp\/v2\/media?parent=335540"}],"wp:term":[{"taxonomy":"product_brand","embeddable":true,"href":"https:\/\/www.salzburgerheimatwerk.at\/en\/wp-json\/wp\/v2\/product_brand?post=335540"},{"taxonomy":"product_cat","embeddable":true,"href":"https:\/\/www.salzburgerheimatwerk.at\/en\/wp-json\/wp\/v2\/product_cat?post=335540"},{"taxonomy":"product_tag","embeddable":true,"href":"https:\/\/www.salzburgerheimatwerk.at\/en\/wp-json\/wp\/v2\/product_tag?post=335540"}],"curies":[{"name":"wp","href":"https:\/\/api.w.org\/{rel}","templated":true}]}}