{"id":335647,"date":"2025-04-29T08:16:02","date_gmt":"2025-04-29T06:16:02","guid":{"rendered":"https:\/\/www.salzburgerheimatwerk.at\/produkt\/baumwoll-satin-rosenholz-uni-4\/"},"modified":"2026-04-28T19:18:40","modified_gmt":"2026-04-28T17:18:40","slug":"baumwoll-satin-rosenholz-uni-4","status":"publish","type":"product","link":"https:\/\/www.salzburgerheimatwerk.at\/en\/produkt\/baumwoll-satin-rosenholz-uni-4\/","title":{"rendered":"Baumwoll-Satin rosenholz Uni"},"content":{"rendered":"<p>Dieser Baumwollstoff wird aus den Fasern der Baumwollpflanze gewonnen. Durch die Satinbindung erh\u00e4lt das weich fallende Gewebe eine seidig gl\u00e4nzende Optik. Eingef\u00e4rbt wird der Baumwollsatin in traditionellen \u00f6sterreichischen Betrieben.<\/p>\n<p>Eigenschaften<br \/>\n&#8211; seidig gl\u00e4nzend<br \/>\n&#8211; weich und hautfreundlich<br \/>\n&#8211; feuchtigkeitsregulierend<br \/>\n&#8211; rei\u00dffest und strapazierf\u00e4hig<\/p>\n<p>Eignung<br \/>\nIdeal f\u00fcr Dirndlr\u00f6cke und \u2013sch\u00fcrzen, Sch\u00fcrzenb\u00e4nder, R\u00f6cke und Kleider.<\/p>\n","protected":false},"excerpt":{"rendered":"<p>Dieser Baumwollstoff wird aus den Fasern der Baumwollpflanze gewonnen. Durch die Satinbindung erh\u00e4lt das weich fallende Gewebe eine seidig gl\u00e4nzende Optik. Eingef\u00e4rbt wird der&#8230;<\/p>\n","protected":false},"featured_media":335650,"template":"","meta":{"_acf_changed":false},"product_brand":[],"product_cat":[192,37],"product_tag":[790],"class_list":{"0":"post-335647","1":"product","2":"type-product","3":"status-publish","4":"has-post-thumbnail","6":"pricegroup-534","7":"pricegroup-165","8":"productgroup-535","9":"productgroup-173","10":"product_cat-trachtenstoffe","11":"product_cat-stoffe","12":"product_tag-bw-satin-rosenholz-uni","13":"pa_farbe-rosa","14":"pa_stoffbreite-150-cm","15":"pa_zertifizierung-oeko-tex","17":"first","18":"instock","19":"taxable","20":"shipping-taxable","21":"purchasable","22":"product-type-simple"},"acf":[],"jetpack_sharing_enabled":true,"_links":{"self":[{"href":"https:\/\/www.salzburgerheimatwerk.at\/en\/wp-json\/wp\/v2\/product\/335647","targetHints":{"allow":["GET"]}}],"collection":[{"href":"https:\/\/www.salzburgerheimatwerk.at\/en\/wp-json\/wp\/v2\/product"}],"about":[{"href":"https:\/\/www.salzburgerheimatwerk.at\/en\/wp-json\/wp\/v2\/types\/product"}],"wp:featuredmedia":[{"embeddable":true,"href":"https:\/\/www.salzburgerheimatwerk.at\/en\/wp-json\/wp\/v2\/media\/335650"}],"wp:attachment":[{"href":"https:\/\/www.salzburgerheimatwerk.at\/en\/wp-json\/wp\/v2\/media?parent=335647"}],"wp:term":[{"taxonomy":"product_brand","embeddable":true,"href":"https:\/\/www.salzburgerheimatwerk.at\/en\/wp-json\/wp\/v2\/product_brand?post=335647"},{"taxonomy":"product_cat","embeddable":true,"href":"https:\/\/www.salzburgerheimatwerk.at\/en\/wp-json\/wp\/v2\/product_cat?post=335647"},{"taxonomy":"product_tag","embeddable":true,"href":"https:\/\/www.salzburgerheimatwerk.at\/en\/wp-json\/wp\/v2\/product_tag?post=335647"}],"curies":[{"name":"wp","href":"https:\/\/api.w.org\/{rel}","templated":true}]}}