{"id":336485,"date":"2025-06-04T06:16:02","date_gmt":"2025-06-04T04:16:02","guid":{"rendered":"https:\/\/www.salzburgerheimatwerk.at\/produkt\/dirndl-maria-2\/"},"modified":"2025-06-06T06:16:07","modified_gmt":"2025-06-06T04:16:07","slug":"dirndl-maria-2","status":"publish","type":"product","link":"https:\/\/www.salzburgerheimatwerk.at\/en\/produkt\/dirndl-maria-2\/","title":{"rendered":"Kleid &#8220;Maria&#8221; mit Bluse"},"content":{"rendered":"<p>Anl\u00e4sslich des 60j\u00e4hrigen Jubil\u00e4ums des bekannten Filmes \u201eThe Sound of Music\u201c pr\u00e4sentieren wir aus unserer Spezialedition das Dirndl bzw. Kleid &#8220;Maria\u201c. Leinenoberteil mit Kn\u00f6pfen, der Baumwollrock ist gezogen und kann entweder als Kleid mit G\u00fcrtel oder Sch\u00e4rpe getragen werden sowie auch als Dirndl mit Sch\u00fcrze. Die Bluse, passend im gleichen Rockstoff mit den verspielten Puff\u00e4rmel vollenden dieses einzigartige Kleid des freigeistigen Kinderm\u00e4dchens.<br \/>\nDer Stoff stammt aus der Manufaktur &#8220;Jordis&#8221; aus Salzburg und kann wunderbar mit vielen Farben kombiniert werden. Wie bereits Maria im Film &#8220;The sound of Music&#8221; das Dirndl zum Landler getragen hat, haben wir dieses Kleid dem Outfit aus dem Musical nachempfunden.<\/p>\n","protected":false},"excerpt":{"rendered":"<p>Anl\u00e4sslich des 60j\u00e4hrigen Jubil\u00e4ums des bekannten Filmes \u201eThe Sound of Music\u201c pr\u00e4sentieren wir aus unserer Spezialedition das Dirndl bzw. Kleid &#8220;Maria\u201c. Leinenoberteil mit Kn\u00f6pfen,&#8230;<\/p>\n","protected":false},"featured_media":336574,"template":"","meta":{"_acf_changed":false},"product_brand":[],"product_cat":[48,49],"product_tag":[2566],"class_list":{"0":"post-336485","1":"product","2":"type-product","3":"status-publish","4":"has-post-thumbnail","6":"pricegroup-312","7":"pricegroup-202","8":"productgroup-313","9":"productgroup-204","10":"product_cat-damentracht","11":"product_cat-dirndl-kleider","12":"product_tag-dirndl-maria-mit-bluse","14":"first","15":"instock","16":"taxable","17":"shipping-taxable","18":"purchasable","19":"product-type-simple"},"acf":[],"jetpack_sharing_enabled":true,"_links":{"self":[{"href":"https:\/\/www.salzburgerheimatwerk.at\/en\/wp-json\/wp\/v2\/product\/336485","targetHints":{"allow":["GET"]}}],"collection":[{"href":"https:\/\/www.salzburgerheimatwerk.at\/en\/wp-json\/wp\/v2\/product"}],"about":[{"href":"https:\/\/www.salzburgerheimatwerk.at\/en\/wp-json\/wp\/v2\/types\/product"}],"wp:featuredmedia":[{"embeddable":true,"href":"https:\/\/www.salzburgerheimatwerk.at\/en\/wp-json\/wp\/v2\/media\/336574"}],"wp:attachment":[{"href":"https:\/\/www.salzburgerheimatwerk.at\/en\/wp-json\/wp\/v2\/media?parent=336485"}],"wp:term":[{"taxonomy":"product_brand","embeddable":true,"href":"https:\/\/www.salzburgerheimatwerk.at\/en\/wp-json\/wp\/v2\/product_brand?post=336485"},{"taxonomy":"product_cat","embeddable":true,"href":"https:\/\/www.salzburgerheimatwerk.at\/en\/wp-json\/wp\/v2\/product_cat?post=336485"},{"taxonomy":"product_tag","embeddable":true,"href":"https:\/\/www.salzburgerheimatwerk.at\/en\/wp-json\/wp\/v2\/product_tag?post=336485"}],"curies":[{"name":"wp","href":"https:\/\/api.w.org\/{rel}","templated":true}]}}