{"id":336588,"date":"2025-06-07T06:16:07","date_gmt":"2025-06-07T04:16:07","guid":{"rendered":"https:\/\/www.salzburgerheimatwerk.at\/produkt\/endlich-kochen-paula-bruendl\/"},"modified":"2026-04-29T00:28:15","modified_gmt":"2026-04-28T22:28:15","slug":"endlich-kochen-paula-bruendl","status":"publish","type":"product","link":"https:\/\/www.salzburgerheimatwerk.at\/en\/produkt\/endlich-kochen-paula-bruendl\/","title":{"rendered":"Endlich Kochen Paula Br\u00fcndl"},"content":{"rendered":"<p>Die Pinzgauer K\u00f6chin teilt in ihrem Kochbuch k\u00f6stliche Rezepte, die unser Leben bereichern werden und erz\u00e4hlt von ihren kulinarischen Streifz\u00fcgen durch den Alpenraum. <\/p>\n<p>Endlich kochen mit Paula Br\u00fcndl<br \/>\nPaula Br\u00fcndl serviert in elf Kapiteln 64 Rezeote ihre liebsten Gerichte f\u00fcr alle Lebenslagen: F\u00fcr den Familiensonntag, wenn es einmal schnell gehen muss, wenn das Heimweh dr\u00fcckt oder das Fernweh gro\u00df ist. Sie erz\u00e4hlt von ihren kulinarischen Anf\u00e4ngen, au\u00dfergew\u00f6hnlichen Genusshandwerkern und ihren Streifz\u00fcgen durch den Alpenraum. Aber vor allem vom Genuss, warum wir nicht immer das Au\u00dfergew\u00f6hnliche suchen, sondern besser das Einfache au\u00dfergew\u00f6hnlich machen sollten. Begleitet werden die Rezepte von Fotos von Mirco Taliercio.<\/p>\n","protected":false},"excerpt":{"rendered":"<p>Die Pinzgauer K\u00f6chin teilt in ihrem Kochbuch k\u00f6stliche Rezepte, die unser Leben bereichern werden und erz\u00e4hlt von ihren kulinarischen Streifz\u00fcgen durch den Alpenraum. &#8230;<\/p>\n","protected":false},"featured_media":336596,"template":"","meta":{"_acf_changed":false},"product_brand":[],"product_cat":[1218,1219],"product_tag":[2567],"class_list":{"0":"post-336588","1":"product","2":"type-product","3":"status-publish","4":"has-post-thumbnail","6":"pricegroup-1331","7":"pricegroup-1171","8":"productgroup-1173","9":"productgroup-1332","10":"product_cat-buecher-cds","11":"product_cat-buecher-buecher-cds","12":"product_tag-endlich-kochen-bruendl","14":"first","15":"instock","16":"taxable","17":"shipping-taxable","18":"purchasable","19":"product-type-simple"},"acf":[],"jetpack_sharing_enabled":true,"_links":{"self":[{"href":"https:\/\/www.salzburgerheimatwerk.at\/en\/wp-json\/wp\/v2\/product\/336588","targetHints":{"allow":["GET"]}}],"collection":[{"href":"https:\/\/www.salzburgerheimatwerk.at\/en\/wp-json\/wp\/v2\/product"}],"about":[{"href":"https:\/\/www.salzburgerheimatwerk.at\/en\/wp-json\/wp\/v2\/types\/product"}],"wp:featuredmedia":[{"embeddable":true,"href":"https:\/\/www.salzburgerheimatwerk.at\/en\/wp-json\/wp\/v2\/media\/336596"}],"wp:attachment":[{"href":"https:\/\/www.salzburgerheimatwerk.at\/en\/wp-json\/wp\/v2\/media?parent=336588"}],"wp:term":[{"taxonomy":"product_brand","embeddable":true,"href":"https:\/\/www.salzburgerheimatwerk.at\/en\/wp-json\/wp\/v2\/product_brand?post=336588"},{"taxonomy":"product_cat","embeddable":true,"href":"https:\/\/www.salzburgerheimatwerk.at\/en\/wp-json\/wp\/v2\/product_cat?post=336588"},{"taxonomy":"product_tag","embeddable":true,"href":"https:\/\/www.salzburgerheimatwerk.at\/en\/wp-json\/wp\/v2\/product_tag?post=336588"}],"curies":[{"name":"wp","href":"https:\/\/api.w.org\/{rel}","templated":true}]}}