{"id":336616,"date":"2025-06-09T06:16:07","date_gmt":"2025-06-09T04:16:07","guid":{"rendered":"https:\/\/www.salzburgerheimatwerk.at\/produkt\/buntes-sommerkleid\/"},"modified":"2026-04-28T20:27:11","modified_gmt":"2026-04-28T18:27:11","slug":"buntes-sommerkleid","status":"publish","type":"product","link":"https:\/\/www.salzburgerheimatwerk.at\/en\/produkt\/buntes-sommerkleid\/","title":{"rendered":"Buntes Sommerkleid"},"content":{"rendered":"<p>Farbenfrohes Sommerkleid mit tiefen V-Ausschnitt. Verstellbare Tr\u00e4ger zum Binden, seitl. jeweils eine Eingriffstasche und der Rock ist gef\u00fcttert. Tolle Tragequalit\u00e4t f\u00fcr hei\u00dfe Sommertage.<br \/>\nMit diesem Kleid sind Sie perfekt f\u00fcr jeden Anlass gekleidet!<\/p>\n<p>36% Baumwolle<br \/>\n40% Polyester<br \/>\n24% Viskose<\/p>\n","protected":false},"excerpt":{"rendered":"<p>Farbenfrohes Sommerkleid mit tiefen V-Ausschnitt. Verstellbare Tr\u00e4ger zum Binden, seitl. jeweils eine Eingriffstasche und der Rock ist gef\u00fcttert. Tolle Tragequalit\u00e4t f\u00fcr hei\u00dfe Sommertage. Mit&#8230;<\/p>\n","protected":false},"featured_media":336644,"template":"","meta":{"_acf_changed":false},"product_brand":[],"product_cat":[48,49],"product_tag":[1589],"class_list":{"0":"post-336616","1":"product","2":"type-product","3":"status-publish","4":"has-post-thumbnail","6":"pricegroup-202","7":"pricegroup-298","8":"productgroup-299","9":"productgroup-204","10":"product_cat-damentracht","11":"product_cat-dirndl-kleider","12":"product_tag-damenkleid","13":"pa_farbe-mehrfarbig","15":"first","16":"instock","17":"taxable","18":"shipping-taxable","19":"purchasable","20":"product-type-variable","21":"has-default-attributes"},"acf":[],"jetpack_sharing_enabled":true,"_links":{"self":[{"href":"https:\/\/www.salzburgerheimatwerk.at\/en\/wp-json\/wp\/v2\/product\/336616","targetHints":{"allow":["GET"]}}],"collection":[{"href":"https:\/\/www.salzburgerheimatwerk.at\/en\/wp-json\/wp\/v2\/product"}],"about":[{"href":"https:\/\/www.salzburgerheimatwerk.at\/en\/wp-json\/wp\/v2\/types\/product"}],"wp:featuredmedia":[{"embeddable":true,"href":"https:\/\/www.salzburgerheimatwerk.at\/en\/wp-json\/wp\/v2\/media\/336644"}],"wp:attachment":[{"href":"https:\/\/www.salzburgerheimatwerk.at\/en\/wp-json\/wp\/v2\/media?parent=336616"}],"wp:term":[{"taxonomy":"product_brand","embeddable":true,"href":"https:\/\/www.salzburgerheimatwerk.at\/en\/wp-json\/wp\/v2\/product_brand?post=336616"},{"taxonomy":"product_cat","embeddable":true,"href":"https:\/\/www.salzburgerheimatwerk.at\/en\/wp-json\/wp\/v2\/product_cat?post=336616"},{"taxonomy":"product_tag","embeddable":true,"href":"https:\/\/www.salzburgerheimatwerk.at\/en\/wp-json\/wp\/v2\/product_tag?post=336616"}],"curies":[{"name":"wp","href":"https:\/\/api.w.org\/{rel}","templated":true}]}}