{"id":336809,"date":"2025-06-25T06:16:02","date_gmt":"2025-06-25T04:16:02","guid":{"rendered":"https:\/\/www.salzburgerheimatwerk.at\/produkt\/damenbluse-5\/"},"modified":"2026-04-28T19:19:10","modified_gmt":"2026-04-28T17:19:10","slug":"damenbluse-5","status":"publish","type":"product","link":"https:\/\/www.salzburgerheimatwerk.at\/en\/produkt\/damenbluse-5\/","title":{"rendered":"Damenbluse mit Passepoil"},"content":{"rendered":"<p>Elegante Damenbluse mit langen \u00c4rmeln aus elastischem Baumwoll-Popeline. Der Stehkragen ist mit einer kleinen R\u00fcsche &#8211; ebenso wie die vordere Mitte verziert. Zwischen Kragen und R\u00fcsche und an den Manschetten ist ein feiner Passepoil aus hellblauem Seidentaft eingearbeitet. Die Bluse ist schmal geschnitten mit Abn\u00e4hern jedoch durch den elastischen Anteil sehr bequem.<\/p>\n","protected":false},"excerpt":{"rendered":"<p>Elegante Damenbluse mit langen \u00c4rmeln aus elastischem Baumwoll-Popeline. Der Stehkragen ist mit einer kleinen R\u00fcsche &#8211; ebenso wie die vordere Mitte verziert. Zwischen Kragen&#8230;<\/p>\n","protected":false},"featured_media":337119,"template":"","meta":{"_acf_changed":false},"product_brand":[],"product_cat":[48,52],"product_tag":[258],"class_list":{"0":"post-336809","1":"product","2":"type-product","3":"status-publish","4":"has-post-thumbnail","6":"pricegroup-256","7":"pricegroup-202","8":"productgroup-204","9":"productgroup-257","10":"product_cat-damentracht","11":"product_cat-blusen-shirts","12":"product_tag-damenbluse","13":"pa_farbe-blau","14":"pa_farbe-mehrfarbig","15":"pa_farbe-weiss","17":"first","18":"instock","19":"taxable","20":"shipping-taxable","21":"purchasable","22":"product-type-variable","23":"has-default-attributes"},"acf":[],"jetpack_sharing_enabled":true,"_links":{"self":[{"href":"https:\/\/www.salzburgerheimatwerk.at\/en\/wp-json\/wp\/v2\/product\/336809","targetHints":{"allow":["GET"]}}],"collection":[{"href":"https:\/\/www.salzburgerheimatwerk.at\/en\/wp-json\/wp\/v2\/product"}],"about":[{"href":"https:\/\/www.salzburgerheimatwerk.at\/en\/wp-json\/wp\/v2\/types\/product"}],"wp:featuredmedia":[{"embeddable":true,"href":"https:\/\/www.salzburgerheimatwerk.at\/en\/wp-json\/wp\/v2\/media\/337119"}],"wp:attachment":[{"href":"https:\/\/www.salzburgerheimatwerk.at\/en\/wp-json\/wp\/v2\/media?parent=336809"}],"wp:term":[{"taxonomy":"product_brand","embeddable":true,"href":"https:\/\/www.salzburgerheimatwerk.at\/en\/wp-json\/wp\/v2\/product_brand?post=336809"},{"taxonomy":"product_cat","embeddable":true,"href":"https:\/\/www.salzburgerheimatwerk.at\/en\/wp-json\/wp\/v2\/product_cat?post=336809"},{"taxonomy":"product_tag","embeddable":true,"href":"https:\/\/www.salzburgerheimatwerk.at\/en\/wp-json\/wp\/v2\/product_tag?post=336809"}],"curies":[{"name":"wp","href":"https:\/\/api.w.org\/{rel}","templated":true}]}}