{"id":336816,"date":"2025-06-25T06:16:02","date_gmt":"2025-06-25T04:16:02","guid":{"rendered":"https:\/\/www.salzburgerheimatwerk.at\/produkt\/damenblazer-in-leinen\/"},"modified":"2026-04-28T19:19:10","modified_gmt":"2026-04-28T17:19:10","slug":"damenblazer-in-leinen","status":"publish","type":"product","link":"https:\/\/www.salzburgerheimatwerk.at\/en\/produkt\/damenblazer-in-leinen\/","title":{"rendered":"Damenblazer in  Leinen"},"content":{"rendered":"<p>Damenblazer aus reinem Leinen in Fischgratwebung mit Details aus hellblauem Seidentaft. Der Kragen, die Paspeln an der vorderen Mitte und den Pattentaschen, sowie die Knopfl\u00f6cher sind im Kontrast gearbeitet und machen diese Jacke sehr elegant. Das R\u00fcckenteil ist nicht gef\u00fcttert, womit dieser Blazer perfekt f\u00fcr den Sommer ist.<\/p>\n","protected":false},"excerpt":{"rendered":"<p>Damenblazer aus reinem Leinen in Fischgratwebung mit Details aus hellblauem Seidentaft. Der Kragen, die Paspeln an der vorderen Mitte und den Pattentaschen, sowie die&#8230;<\/p>\n","protected":false},"featured_media":337123,"template":"","meta":{"_acf_changed":false},"product_brand":[],"product_cat":[304,1098,48],"product_tag":[2349],"class_list":{"0":"post-336816","1":"product","2":"type-product","3":"status-publish","4":"has-post-thumbnail","6":"pricegroup-302","7":"pricegroup-202","8":"productgroup-303","9":"productgroup-204","10":"product_cat-jacken-maentel-damentracht","11":"product_cat-blazer","12":"product_cat-damentracht","13":"product_tag-damenblazer","14":"pa_farbe-grau","16":"first","17":"instock","18":"taxable","19":"shipping-taxable","20":"purchasable","21":"product-type-variable","22":"has-default-attributes"},"acf":[],"jetpack_sharing_enabled":true,"_links":{"self":[{"href":"https:\/\/www.salzburgerheimatwerk.at\/en\/wp-json\/wp\/v2\/product\/336816","targetHints":{"allow":["GET"]}}],"collection":[{"href":"https:\/\/www.salzburgerheimatwerk.at\/en\/wp-json\/wp\/v2\/product"}],"about":[{"href":"https:\/\/www.salzburgerheimatwerk.at\/en\/wp-json\/wp\/v2\/types\/product"}],"wp:featuredmedia":[{"embeddable":true,"href":"https:\/\/www.salzburgerheimatwerk.at\/en\/wp-json\/wp\/v2\/media\/337123"}],"wp:attachment":[{"href":"https:\/\/www.salzburgerheimatwerk.at\/en\/wp-json\/wp\/v2\/media?parent=336816"}],"wp:term":[{"taxonomy":"product_brand","embeddable":true,"href":"https:\/\/www.salzburgerheimatwerk.at\/en\/wp-json\/wp\/v2\/product_brand?post=336816"},{"taxonomy":"product_cat","embeddable":true,"href":"https:\/\/www.salzburgerheimatwerk.at\/en\/wp-json\/wp\/v2\/product_cat?post=336816"},{"taxonomy":"product_tag","embeddable":true,"href":"https:\/\/www.salzburgerheimatwerk.at\/en\/wp-json\/wp\/v2\/product_tag?post=336816"}],"curies":[{"name":"wp","href":"https:\/\/api.w.org\/{rel}","templated":true}]}}