{"id":336824,"date":"2025-06-25T06:16:03","date_gmt":"2025-06-25T04:16:03","guid":{"rendered":"https:\/\/www.salzburgerheimatwerk.at\/produkt\/damenjacke-in-waschleinen\/"},"modified":"2026-04-28T19:19:11","modified_gmt":"2026-04-28T17:19:11","slug":"damenjacke-in-waschleinen","status":"publish","type":"product","link":"https:\/\/www.salzburgerheimatwerk.at\/en\/produkt\/damenjacke-in-waschleinen\/","title":{"rendered":"Damenjacke in Waschleinen"},"content":{"rendered":"<p>Sommerliche Jacke aus Waschleinen mit 3\/4 Arm. Die Jacke hat eine R\u00fcckenl\u00e4nge von ca. 55cm und ist somit perfekt f\u00fcr Kleider, Dirndl und R\u00f6cke geeignet. Im R\u00fccken hat sie eine Quetschfalte, die am Sattel mit einer kleinen Masche endet. Der Stehkragen und die Hirschhornkn\u00f6pfe sind ein dezentes Element. Diese Sonnengelbe Jacke ist der Sommer pur!<\/p>\n","protected":false},"excerpt":{"rendered":"<p>Sommerliche Jacke aus Waschleinen mit 3\/4 Arm. Die Jacke hat eine R\u00fcckenl\u00e4nge von ca. 55cm und ist somit perfekt f\u00fcr Kleider, Dirndl und R\u00f6cke&#8230;<\/p>\n","protected":false},"featured_media":337236,"template":"","meta":{"_acf_changed":false},"product_brand":[],"product_cat":[48,304],"product_tag":[309],"class_list":{"0":"post-336824","1":"product","2":"type-product","3":"status-publish","4":"has-post-thumbnail","6":"pricegroup-302","7":"pricegroup-202","8":"productgroup-303","9":"productgroup-204","10":"product_cat-damentracht","11":"product_cat-jacken-maentel-damentracht","12":"product_tag-damenjacke","13":"pa_farbe-gelb","15":"first","16":"instock","17":"taxable","18":"shipping-taxable","19":"purchasable","20":"product-type-variable","21":"has-default-attributes"},"acf":[],"jetpack_sharing_enabled":true,"_links":{"self":[{"href":"https:\/\/www.salzburgerheimatwerk.at\/en\/wp-json\/wp\/v2\/product\/336824","targetHints":{"allow":["GET"]}}],"collection":[{"href":"https:\/\/www.salzburgerheimatwerk.at\/en\/wp-json\/wp\/v2\/product"}],"about":[{"href":"https:\/\/www.salzburgerheimatwerk.at\/en\/wp-json\/wp\/v2\/types\/product"}],"wp:featuredmedia":[{"embeddable":true,"href":"https:\/\/www.salzburgerheimatwerk.at\/en\/wp-json\/wp\/v2\/media\/337236"}],"wp:attachment":[{"href":"https:\/\/www.salzburgerheimatwerk.at\/en\/wp-json\/wp\/v2\/media?parent=336824"}],"wp:term":[{"taxonomy":"product_brand","embeddable":true,"href":"https:\/\/www.salzburgerheimatwerk.at\/en\/wp-json\/wp\/v2\/product_brand?post=336824"},{"taxonomy":"product_cat","embeddable":true,"href":"https:\/\/www.salzburgerheimatwerk.at\/en\/wp-json\/wp\/v2\/product_cat?post=336824"},{"taxonomy":"product_tag","embeddable":true,"href":"https:\/\/www.salzburgerheimatwerk.at\/en\/wp-json\/wp\/v2\/product_tag?post=336824"}],"curies":[{"name":"wp","href":"https:\/\/api.w.org\/{rel}","templated":true}]}}