{"id":336829,"date":"2025-06-25T06:16:03","date_gmt":"2025-06-25T04:16:03","guid":{"rendered":"https:\/\/www.salzburgerheimatwerk.at\/produkt\/herrenpfoad-aus-leinen\/"},"modified":"2026-04-28T18:29:10","modified_gmt":"2026-04-28T16:29:10","slug":"herrenpfoad-aus-leinen","status":"publish","type":"product","link":"https:\/\/www.salzburgerheimatwerk.at\/en\/produkt\/herrenpfoad-aus-leinen\/","title":{"rendered":"Herrenpfoad aus Leinen"},"content":{"rendered":"<p>Klassisches Herrenpfoad aus reinem Leinen mit Stehkragen, Falten links und rechts der Knopfleiste, Zwirnkn\u00f6pfen und Riegel. Das Sommerrot macht Lust und gute Laune f\u00fcr den Sommer und somit ein treuer Begleiter zur Lederhose, Short oder auch zu festlichen Anl\u00e4ssen!<\/p>\n","protected":false},"excerpt":{"rendered":"<p>Klassisches Herrenpfoad aus reinem Leinen mit Stehkragen, Falten links und rechts der Knopfleiste, Zwirnkn\u00f6pfen und Riegel. Das Sommerrot macht Lust und gute Laune f\u00fcr&#8230;<\/p>\n","protected":false},"featured_media":343888,"template":"","meta":{"_acf_changed":false},"product_brand":[],"product_cat":[59,252],"product_tag":[2568],"class_list":{"0":"post-336829","1":"product","2":"type-product","3":"status-publish","4":"has-post-thumbnail","6":"pricegroup-250","7":"pricegroup-166","8":"productgroup-251","9":"productgroup-174","10":"product_cat-herrentracht","11":"product_cat-hemden-shirts-herrentracht","12":"product_tag-herrenpfoad","13":"pa_farbe-rot","15":"first","16":"instock","17":"taxable","18":"shipping-taxable","19":"purchasable","20":"product-type-variable","21":"has-default-attributes"},"acf":[],"jetpack_sharing_enabled":true,"_links":{"self":[{"href":"https:\/\/www.salzburgerheimatwerk.at\/en\/wp-json\/wp\/v2\/product\/336829","targetHints":{"allow":["GET"]}}],"collection":[{"href":"https:\/\/www.salzburgerheimatwerk.at\/en\/wp-json\/wp\/v2\/product"}],"about":[{"href":"https:\/\/www.salzburgerheimatwerk.at\/en\/wp-json\/wp\/v2\/types\/product"}],"wp:featuredmedia":[{"embeddable":true,"href":"https:\/\/www.salzburgerheimatwerk.at\/en\/wp-json\/wp\/v2\/media\/343888"}],"wp:attachment":[{"href":"https:\/\/www.salzburgerheimatwerk.at\/en\/wp-json\/wp\/v2\/media?parent=336829"}],"wp:term":[{"taxonomy":"product_brand","embeddable":true,"href":"https:\/\/www.salzburgerheimatwerk.at\/en\/wp-json\/wp\/v2\/product_brand?post=336829"},{"taxonomy":"product_cat","embeddable":true,"href":"https:\/\/www.salzburgerheimatwerk.at\/en\/wp-json\/wp\/v2\/product_cat?post=336829"},{"taxonomy":"product_tag","embeddable":true,"href":"https:\/\/www.salzburgerheimatwerk.at\/en\/wp-json\/wp\/v2\/product_tag?post=336829"}],"curies":[{"name":"wp","href":"https:\/\/api.w.org\/{rel}","templated":true}]}}