{"id":336847,"date":"2025-06-25T06:16:04","date_gmt":"2025-06-25T04:16:04","guid":{"rendered":"https:\/\/www.salzburgerheimatwerk.at\/produkt\/336847\/"},"modified":"2026-04-28T19:19:11","modified_gmt":"2026-04-28T17:19:11","slug":"336847","status":"publish","type":"product","link":"https:\/\/www.salzburgerheimatwerk.at\/en\/produkt\/336847\/","title":{"rendered":"Seidenrock hellblau"},"content":{"rendered":"<p>Eleganter Rock aus hellblauem Seitentaft. Das Vorder- und R\u00fcckenteil ist in gro\u00dfz\u00fcgige Falten gelegt, somit sind die Seitenteile glatt und liegen schmal an. Die bequemen Eingrifftaschen und der hohe Bund verfollst\u00e4ndigen dieses einzigartige Teil. Mit der Rockl\u00e4nge von ca. 90cm sind Sie mit diesem Rock bei jeder Hochzeit, Festspielen und Festen bestens gekleidet.<\/p>\n","protected":false},"excerpt":{"rendered":"<p>Eleganter Rock aus hellblauem Seitentaft. Das Vorder- und R\u00fcckenteil ist in gro\u00dfz\u00fcgige Falten gelegt, somit sind die Seitenteile glatt und liegen schmal an. Die&#8230;<\/p>\n","protected":false},"featured_media":337130,"template":"","meta":{"_acf_changed":false},"product_brand":[],"product_cat":[48,50],"product_tag":[2569],"class_list":{"0":"post-336847","1":"product","2":"type-product","3":"status-publish","4":"has-post-thumbnail","6":"pricegroup-289","7":"pricegroup-202","8":"productgroup-204","9":"productgroup-290","10":"product_cat-damentracht","11":"product_cat-roecke-hosen","12":"product_tag-seidenrock","13":"pa_farbe-blau","15":"first","16":"instock","17":"taxable","18":"shipping-taxable","19":"purchasable","20":"product-type-variable","21":"has-default-attributes"},"acf":[],"jetpack_sharing_enabled":true,"_links":{"self":[{"href":"https:\/\/www.salzburgerheimatwerk.at\/en\/wp-json\/wp\/v2\/product\/336847","targetHints":{"allow":["GET"]}}],"collection":[{"href":"https:\/\/www.salzburgerheimatwerk.at\/en\/wp-json\/wp\/v2\/product"}],"about":[{"href":"https:\/\/www.salzburgerheimatwerk.at\/en\/wp-json\/wp\/v2\/types\/product"}],"wp:featuredmedia":[{"embeddable":true,"href":"https:\/\/www.salzburgerheimatwerk.at\/en\/wp-json\/wp\/v2\/media\/337130"}],"wp:attachment":[{"href":"https:\/\/www.salzburgerheimatwerk.at\/en\/wp-json\/wp\/v2\/media?parent=336847"}],"wp:term":[{"taxonomy":"product_brand","embeddable":true,"href":"https:\/\/www.salzburgerheimatwerk.at\/en\/wp-json\/wp\/v2\/product_brand?post=336847"},{"taxonomy":"product_cat","embeddable":true,"href":"https:\/\/www.salzburgerheimatwerk.at\/en\/wp-json\/wp\/v2\/product_cat?post=336847"},{"taxonomy":"product_tag","embeddable":true,"href":"https:\/\/www.salzburgerheimatwerk.at\/en\/wp-json\/wp\/v2\/product_tag?post=336847"}],"curies":[{"name":"wp","href":"https:\/\/api.w.org\/{rel}","templated":true}]}}