{"id":336854,"date":"2025-06-25T06:16:05","date_gmt":"2025-06-25T04:16:05","guid":{"rendered":"https:\/\/www.salzburgerheimatwerk.at\/produkt\/handgezogener-blaudruckrock-aus-leinen\/"},"modified":"2026-04-28T19:19:10","modified_gmt":"2026-04-28T17:19:10","slug":"handgezogener-blaudruckrock-aus-leinen","status":"publish","type":"product","link":"https:\/\/www.salzburgerheimatwerk.at\/en\/produkt\/handgezogener-blaudruckrock-aus-leinen\/","title":{"rendered":"handgezogener Blaudruck Leinenrock"},"content":{"rendered":"<p>Dieser Sommerrock ist etwas ganz besonderes! Das Blaudruckleinen ist Handbedruckt &#8211; in Anlehnung an alte Mustert\u00fccher mit unterschiedlichen Modeln. Diese Art des Drucks hat eine lange Tradition! Der Rock  ist mit der Hand gezogen und hat einen schmalen Bund. Die Rockl\u00e4nge betr\u00e4gt ca. 75cm, womit er bei jedem Schritt fein mitschwingt und so auch sommerlich k\u00fchl ist.<\/p>\n","protected":false},"excerpt":{"rendered":"<p>Dieser Sommerrock ist etwas ganz besonderes! Das Blaudruckleinen ist Handbedruckt &#8211; in Anlehnung an alte Mustert\u00fccher mit unterschiedlichen Modeln. Diese Art des Drucks hat&#8230;<\/p>\n","protected":false},"featured_media":337103,"template":"","meta":{"_acf_changed":false},"product_brand":[],"product_cat":[48,50],"product_tag":[2570],"class_list":{"0":"post-336854","1":"product","2":"type-product","3":"status-publish","4":"has-post-thumbnail","6":"pricegroup-289","7":"pricegroup-202","8":"productgroup-290","9":"productgroup-204","10":"product_cat-damentracht","11":"product_cat-roecke-hosen","12":"product_tag-blaudruck-leinenrock","13":"pa_farbe-weiss","14":"pa_farbe-mehrfarbig","15":"pa_farbe-blau","17":"first","18":"instock","19":"taxable","20":"shipping-taxable","21":"purchasable","22":"product-type-variable","23":"has-default-attributes"},"acf":[],"jetpack_sharing_enabled":true,"_links":{"self":[{"href":"https:\/\/www.salzburgerheimatwerk.at\/en\/wp-json\/wp\/v2\/product\/336854","targetHints":{"allow":["GET"]}}],"collection":[{"href":"https:\/\/www.salzburgerheimatwerk.at\/en\/wp-json\/wp\/v2\/product"}],"about":[{"href":"https:\/\/www.salzburgerheimatwerk.at\/en\/wp-json\/wp\/v2\/types\/product"}],"wp:featuredmedia":[{"embeddable":true,"href":"https:\/\/www.salzburgerheimatwerk.at\/en\/wp-json\/wp\/v2\/media\/337103"}],"wp:attachment":[{"href":"https:\/\/www.salzburgerheimatwerk.at\/en\/wp-json\/wp\/v2\/media?parent=336854"}],"wp:term":[{"taxonomy":"product_brand","embeddable":true,"href":"https:\/\/www.salzburgerheimatwerk.at\/en\/wp-json\/wp\/v2\/product_brand?post=336854"},{"taxonomy":"product_cat","embeddable":true,"href":"https:\/\/www.salzburgerheimatwerk.at\/en\/wp-json\/wp\/v2\/product_cat?post=336854"},{"taxonomy":"product_tag","embeddable":true,"href":"https:\/\/www.salzburgerheimatwerk.at\/en\/wp-json\/wp\/v2\/product_tag?post=336854"}],"curies":[{"name":"wp","href":"https:\/\/api.w.org\/{rel}","templated":true}]}}