{"id":336862,"date":"2025-06-25T06:16:06","date_gmt":"2025-06-25T04:16:06","guid":{"rendered":"https:\/\/www.salzburgerheimatwerk.at\/produkt\/hemdblusenkleid-2\/"},"modified":"2026-04-28T19:19:10","modified_gmt":"2026-04-28T17:19:10","slug":"hemdblusenkleid-2","status":"publish","type":"product","link":"https:\/\/www.salzburgerheimatwerk.at\/en\/produkt\/hemdblusenkleid-2\/","title":{"rendered":"Hemdblusenkleid"},"content":{"rendered":"<p>Sommerliches Hemdblusenkleid aus bedruckter Baumwolle in blau-gr\u00fcn mit einer blauen Sch\u00e4rpe ebenso aus reiner Baumwolle. Der Innenkragen und die Innenmanschetten sind ebenso, wie die Sch\u00e4rpe getupft. Dieses Kleid wurde in feinster Handarbeit in einer ober\u00f6sterreischischen Hemdenmanufaktur gefertigt mit Liebe zum Detai. Die Knopfleiste ist durchgehend &#8211; somit ist dieses Sommerkleid perfekt angelegt und ein Hingucker f\u00fcr jeden Anlass!<\/p>\n","protected":false},"excerpt":{"rendered":"<p>Sommerliches Hemdblusenkleid aus bedruckter Baumwolle in blau-gr\u00fcn mit einer blauen Sch\u00e4rpe ebenso aus reiner Baumwolle. Der Innenkragen und die Innenmanschetten sind ebenso, wie die&#8230;<\/p>\n","protected":false},"featured_media":337107,"template":"","meta":{"_acf_changed":false},"product_brand":[],"product_cat":[48,49],"product_tag":[2571],"class_list":{"0":"post-336862","1":"product","2":"type-product","3":"status-publish","4":"has-post-thumbnail","6":"pricegroup-202","7":"pricegroup-298","8":"productgroup-299","9":"productgroup-204","10":"product_cat-damentracht","11":"product_cat-dirndl-kleider","12":"product_tag-hemdblusenkleid","13":"pa_farbe-mehrfarbig","14":"pa_farbe-blau","16":"first","17":"instock","18":"taxable","19":"shipping-taxable","20":"purchasable","21":"product-type-variable","22":"has-default-attributes"},"acf":[],"jetpack_sharing_enabled":true,"_links":{"self":[{"href":"https:\/\/www.salzburgerheimatwerk.at\/en\/wp-json\/wp\/v2\/product\/336862","targetHints":{"allow":["GET"]}}],"collection":[{"href":"https:\/\/www.salzburgerheimatwerk.at\/en\/wp-json\/wp\/v2\/product"}],"about":[{"href":"https:\/\/www.salzburgerheimatwerk.at\/en\/wp-json\/wp\/v2\/types\/product"}],"wp:featuredmedia":[{"embeddable":true,"href":"https:\/\/www.salzburgerheimatwerk.at\/en\/wp-json\/wp\/v2\/media\/337107"}],"wp:attachment":[{"href":"https:\/\/www.salzburgerheimatwerk.at\/en\/wp-json\/wp\/v2\/media?parent=336862"}],"wp:term":[{"taxonomy":"product_brand","embeddable":true,"href":"https:\/\/www.salzburgerheimatwerk.at\/en\/wp-json\/wp\/v2\/product_brand?post=336862"},{"taxonomy":"product_cat","embeddable":true,"href":"https:\/\/www.salzburgerheimatwerk.at\/en\/wp-json\/wp\/v2\/product_cat?post=336862"},{"taxonomy":"product_tag","embeddable":true,"href":"https:\/\/www.salzburgerheimatwerk.at\/en\/wp-json\/wp\/v2\/product_tag?post=336862"}],"curies":[{"name":"wp","href":"https:\/\/api.w.org\/{rel}","templated":true}]}}