{"id":336889,"date":"2025-06-28T06:16:07","date_gmt":"2025-06-28T04:16:07","guid":{"rendered":"https:\/\/www.salzburgerheimatwerk.at\/produkt\/bluse-agathe\/"},"modified":"2026-04-28T19:19:12","modified_gmt":"2026-04-28T17:19:12","slug":"bluse-agathe","status":"publish","type":"product","link":"https:\/\/www.salzburgerheimatwerk.at\/en\/produkt\/bluse-agathe\/","title":{"rendered":"Bluse Agathe"},"content":{"rendered":"<p>Wundersch\u00f6ne Damenbluse aus der Serie f\u00fcr &#8220;the Sound of Music&#8221; aus hochwertigem Baumwollsatin mit kurzem Puffarm und Stehkragen mit R\u00fcschen. Taillierte Schnittform. Details wie stoff\u00fcberzgene Kn\u00f6pfe bilden eine perfekte Synergie. Die Bluse wurde in Ober\u00f6sterreich gefertigt und ein perfekter Begleiter zu Rock oder Hose.<\/p>\n","protected":false},"excerpt":{"rendered":"<p>Wundersch\u00f6ne Damenbluse aus der Serie f\u00fcr &#8220;the Sound of Music&#8221; aus hochwertigem Baumwollsatin mit kurzem Puffarm und Stehkragen mit R\u00fcschen. Taillierte Schnittform. Details wie&#8230;<\/p>\n","protected":false},"featured_media":336932,"template":"","meta":{"_acf_changed":false},"product_brand":[],"product_cat":[48,52],"product_tag":[2573],"class_list":{"0":"post-336889","1":"product","2":"type-product","3":"status-publish","4":"has-post-thumbnail","6":"pricegroup-202","7":"pricegroup-256","8":"productgroup-204","9":"productgroup-257","10":"product_cat-damentracht","11":"product_cat-blusen-shirts","12":"product_tag-rueschenbluse-handgefertigt-in-oesterreich","14":"first","15":"instock","16":"taxable","17":"shipping-taxable","18":"purchasable","19":"product-type-variable","20":"has-default-attributes"},"acf":[],"jetpack_sharing_enabled":true,"_links":{"self":[{"href":"https:\/\/www.salzburgerheimatwerk.at\/en\/wp-json\/wp\/v2\/product\/336889","targetHints":{"allow":["GET"]}}],"collection":[{"href":"https:\/\/www.salzburgerheimatwerk.at\/en\/wp-json\/wp\/v2\/product"}],"about":[{"href":"https:\/\/www.salzburgerheimatwerk.at\/en\/wp-json\/wp\/v2\/types\/product"}],"wp:featuredmedia":[{"embeddable":true,"href":"https:\/\/www.salzburgerheimatwerk.at\/en\/wp-json\/wp\/v2\/media\/336932"}],"wp:attachment":[{"href":"https:\/\/www.salzburgerheimatwerk.at\/en\/wp-json\/wp\/v2\/media?parent=336889"}],"wp:term":[{"taxonomy":"product_brand","embeddable":true,"href":"https:\/\/www.salzburgerheimatwerk.at\/en\/wp-json\/wp\/v2\/product_brand?post=336889"},{"taxonomy":"product_cat","embeddable":true,"href":"https:\/\/www.salzburgerheimatwerk.at\/en\/wp-json\/wp\/v2\/product_cat?post=336889"},{"taxonomy":"product_tag","embeddable":true,"href":"https:\/\/www.salzburgerheimatwerk.at\/en\/wp-json\/wp\/v2\/product_tag?post=336889"}],"curies":[{"name":"wp","href":"https:\/\/api.w.org\/{rel}","templated":true}]}}