{"id":337283,"date":"2025-07-15T06:16:28","date_gmt":"2025-07-15T04:16:28","guid":{"rendered":"https:\/\/www.salzburgerheimatwerk.at\/produkt\/herrenweste-aus-leinen\/"},"modified":"2026-04-28T20:27:11","modified_gmt":"2026-04-28T18:27:11","slug":"herrenweste-aus-leinen","status":"publish","type":"product","link":"https:\/\/www.salzburgerheimatwerk.at\/en\/produkt\/herrenweste-aus-leinen\/","title":{"rendered":"Herrenweste aus Leinen"},"content":{"rendered":"<p>Ein zeitlos-klassischer Begleiter f\u00fcr jeden Anla\u00df &#8211; ideal mit Lederhose kombinierbar, passt aber auch edel zur Jeans.Diese vielseitige Leinenweste in gr\u00fcn ist von hochwertiger Qualit\u00e4t und Verarbeitung.Klassischer Schnitt mit echten Hornkn\u00f6pfen.Klassischer Gilet-Schnitt, vorne mit echten -Hornkn\u00f6pfen zu schlie\u00dfen.<\/p>\n","protected":false},"excerpt":{"rendered":"<p>Ein zeitlos-klassischer Begleiter f\u00fcr jeden Anla\u00df &#8211; ideal mit Lederhose kombinierbar, passt aber auch edel zur Jeans.Diese vielseitige Leinenweste in gr\u00fcn ist von hochwertiger&#8230;<\/p>\n","protected":false},"featured_media":343862,"template":"","meta":{"_acf_changed":false},"product_brand":[],"product_cat":[59,63],"product_tag":[821],"class_list":{"0":"post-337283","1":"product","2":"type-product","3":"status-publish","4":"has-post-thumbnail","6":"pricegroup-166","7":"pricegroup-817","8":"productgroup-174","9":"productgroup-818","10":"product_cat-herrentracht","11":"product_cat-westen","12":"product_tag-herrenweste","13":"pa_farbe-gruen","15":"first","16":"instock","17":"taxable","18":"shipping-taxable","19":"purchasable","20":"product-type-variable","21":"has-default-attributes"},"acf":[],"jetpack_sharing_enabled":true,"_links":{"self":[{"href":"https:\/\/www.salzburgerheimatwerk.at\/en\/wp-json\/wp\/v2\/product\/337283","targetHints":{"allow":["GET"]}}],"collection":[{"href":"https:\/\/www.salzburgerheimatwerk.at\/en\/wp-json\/wp\/v2\/product"}],"about":[{"href":"https:\/\/www.salzburgerheimatwerk.at\/en\/wp-json\/wp\/v2\/types\/product"}],"wp:featuredmedia":[{"embeddable":true,"href":"https:\/\/www.salzburgerheimatwerk.at\/en\/wp-json\/wp\/v2\/media\/343862"}],"wp:attachment":[{"href":"https:\/\/www.salzburgerheimatwerk.at\/en\/wp-json\/wp\/v2\/media?parent=337283"}],"wp:term":[{"taxonomy":"product_brand","embeddable":true,"href":"https:\/\/www.salzburgerheimatwerk.at\/en\/wp-json\/wp\/v2\/product_brand?post=337283"},{"taxonomy":"product_cat","embeddable":true,"href":"https:\/\/www.salzburgerheimatwerk.at\/en\/wp-json\/wp\/v2\/product_cat?post=337283"},{"taxonomy":"product_tag","embeddable":true,"href":"https:\/\/www.salzburgerheimatwerk.at\/en\/wp-json\/wp\/v2\/product_tag?post=337283"}],"curies":[{"name":"wp","href":"https:\/\/api.w.org\/{rel}","templated":true}]}}