{"id":337294,"date":"2025-07-15T06:16:30","date_gmt":"2025-07-15T04:16:30","guid":{"rendered":"https:\/\/www.salzburgerheimatwerk.at\/produkt\/damenmiederjacke-in-nachtblau\/"},"modified":"2026-04-28T20:27:12","modified_gmt":"2026-04-28T18:27:12","slug":"damenmiederjacke-in-nachtblau","status":"publish","type":"product","link":"https:\/\/www.salzburgerheimatwerk.at\/en\/produkt\/damenmiederjacke-in-nachtblau\/","title":{"rendered":"Damenmiederjacke in Nachtblau"},"content":{"rendered":"<p>\u2022 Unifarben<br \/>\n\u2022 Goldfarbene Kn\u00f6pfe<br \/>\n\u2022 Hoher Tragekomfort durch den Stretchanteil<br \/>\n\u2022 Taillierter, femininer Schnitt, f\u00e4llt eine halbe bis ganze Gr\u00f6\u00dfe kleiner aus<\/p>\n","protected":false},"excerpt":{"rendered":"<p>\u2022 Unifarben \u2022 Goldfarbene Kn\u00f6pfe \u2022 Hoher Tragekomfort durch den Stretchanteil \u2022 Taillierter, femininer Schnitt, f\u00e4llt eine halbe bis ganze Gr\u00f6\u00dfe kleiner&#8230;<\/p>\n","protected":false},"featured_media":337301,"template":"","meta":{"_acf_changed":false},"product_brand":[],"product_cat":[48,304],"product_tag":[309],"class_list":{"0":"post-337294","1":"product","2":"type-product","3":"status-publish","4":"has-post-thumbnail","6":"pricegroup-302","7":"pricegroup-202","8":"productgroup-303","9":"productgroup-204","10":"product_cat-damentracht","11":"product_cat-jacken-maentel-damentracht","12":"product_tag-damenjacke","13":"pa_farbe-blau","15":"first","16":"instock","17":"taxable","18":"shipping-taxable","19":"purchasable","20":"product-type-variable"},"acf":[],"jetpack_sharing_enabled":true,"_links":{"self":[{"href":"https:\/\/www.salzburgerheimatwerk.at\/en\/wp-json\/wp\/v2\/product\/337294","targetHints":{"allow":["GET"]}}],"collection":[{"href":"https:\/\/www.salzburgerheimatwerk.at\/en\/wp-json\/wp\/v2\/product"}],"about":[{"href":"https:\/\/www.salzburgerheimatwerk.at\/en\/wp-json\/wp\/v2\/types\/product"}],"wp:featuredmedia":[{"embeddable":true,"href":"https:\/\/www.salzburgerheimatwerk.at\/en\/wp-json\/wp\/v2\/media\/337301"}],"wp:attachment":[{"href":"https:\/\/www.salzburgerheimatwerk.at\/en\/wp-json\/wp\/v2\/media?parent=337294"}],"wp:term":[{"taxonomy":"product_brand","embeddable":true,"href":"https:\/\/www.salzburgerheimatwerk.at\/en\/wp-json\/wp\/v2\/product_brand?post=337294"},{"taxonomy":"product_cat","embeddable":true,"href":"https:\/\/www.salzburgerheimatwerk.at\/en\/wp-json\/wp\/v2\/product_cat?post=337294"},{"taxonomy":"product_tag","embeddable":true,"href":"https:\/\/www.salzburgerheimatwerk.at\/en\/wp-json\/wp\/v2\/product_tag?post=337294"}],"curies":[{"name":"wp","href":"https:\/\/api.w.org\/{rel}","templated":true}]}}