{"id":337333,"date":"2025-07-15T06:16:42","date_gmt":"2025-07-15T04:16:42","guid":{"rendered":"https:\/\/www.salzburgerheimatwerk.at\/produkt\/ledershort-aus-ziegenleder\/"},"modified":"2026-04-28T19:19:10","modified_gmt":"2026-04-28T17:19:10","slug":"ledershort-aus-ziegenleder","status":"publish","type":"product","link":"https:\/\/www.salzburgerheimatwerk.at\/en\/produkt\/ledershort-aus-ziegenleder\/","title":{"rendered":"Ledershort aus Ziegenleder"},"content":{"rendered":"<p>Trendige Ledershoprt mit seitlicher Tasche und 5-Pockets aus Ziegenleder. Diese Hose ist der perfekte Begleiter sowohl f\u00fcr trachtige Events als auch im t\u00e4glichen Alltag. Ob mit Leinenpfoad oder T-Shirt kombiniert ist sie ein zeitloser Hingucker f\u00fcr den Herren.<\/p>\n","protected":false},"excerpt":{"rendered":"<p>Trendige Ledershoprt mit seitlicher Tasche und 5-Pockets aus Ziegenleder. Diese Hose ist der perfekte Begleiter sowohl f\u00fcr trachtige Events als auch im t\u00e4glichen Alltag&#8230;.<\/p>\n","protected":false},"featured_media":343893,"template":"","meta":{"_acf_changed":false},"product_brand":[],"product_cat":[59,178],"product_tag":[2575],"class_list":{"0":"post-337333","1":"product","2":"type-product","3":"status-publish","4":"has-post-thumbnail","6":"pricegroup-166","7":"pricegroup-168","8":"productgroup-174","9":"productgroup-176","10":"product_cat-herrentracht","11":"product_cat-hosen","12":"product_tag-ziegenledershort","13":"pa_farbe-braun","15":"first","16":"instock","17":"taxable","18":"shipping-taxable","19":"purchasable","20":"product-type-variable","21":"has-default-attributes"},"acf":[],"jetpack_sharing_enabled":true,"_links":{"self":[{"href":"https:\/\/www.salzburgerheimatwerk.at\/en\/wp-json\/wp\/v2\/product\/337333","targetHints":{"allow":["GET"]}}],"collection":[{"href":"https:\/\/www.salzburgerheimatwerk.at\/en\/wp-json\/wp\/v2\/product"}],"about":[{"href":"https:\/\/www.salzburgerheimatwerk.at\/en\/wp-json\/wp\/v2\/types\/product"}],"wp:featuredmedia":[{"embeddable":true,"href":"https:\/\/www.salzburgerheimatwerk.at\/en\/wp-json\/wp\/v2\/media\/343893"}],"wp:attachment":[{"href":"https:\/\/www.salzburgerheimatwerk.at\/en\/wp-json\/wp\/v2\/media?parent=337333"}],"wp:term":[{"taxonomy":"product_brand","embeddable":true,"href":"https:\/\/www.salzburgerheimatwerk.at\/en\/wp-json\/wp\/v2\/product_brand?post=337333"},{"taxonomy":"product_cat","embeddable":true,"href":"https:\/\/www.salzburgerheimatwerk.at\/en\/wp-json\/wp\/v2\/product_cat?post=337333"},{"taxonomy":"product_tag","embeddable":true,"href":"https:\/\/www.salzburgerheimatwerk.at\/en\/wp-json\/wp\/v2\/product_tag?post=337333"}],"curies":[{"name":"wp","href":"https:\/\/api.w.org\/{rel}","templated":true}]}}