{"id":337369,"date":"2025-07-17T06:16:02","date_gmt":"2025-07-17T04:16:02","guid":{"rendered":"https:\/\/www.salzburgerheimatwerk.at\/produkt\/dirndl-agathe-mit-schuerze\/"},"modified":"2026-04-28T19:19:08","modified_gmt":"2026-04-28T17:19:08","slug":"dirndl-agathe-mit-schuerze","status":"publish","type":"product","link":"https:\/\/www.salzburgerheimatwerk.at\/en\/produkt\/dirndl-agathe-mit-schuerze\/","title":{"rendered":"Dirndl &#8220;Agathe&#8221; mit Sch\u00fcrze"},"content":{"rendered":"<p>Das Dirndl &#8220;Agathe&#8221; besticht durch seine wunderbare farbliche Zusammenstellung. Der Leib ist in einem Salzburgblauen Reinleinen im Miederschnitt mit Knopfverschluss gefertigt. Der florale Baumwollrock ist aus der Sonderedition anl\u00e4sslich des 60j\u00e4hrigen Jubil\u00e4ums von &#8220;The Sound of Music&#8221; gefertigt. Die Baumwollsch\u00fcrze im Tupf macht aus dem Dirndl einen echten Hingucker. Der Name des Dirndls wurde deshalb gew\u00e4hlt, weil der Rockstoff auf Basis einer Zeichnung von Agathe von Trapp gefertigt wurde. Agathe war eines der 10 Kinder der bekannten Familie von Trapp aus Salzburg. Mit diesem Dirndl haben Sie eine ganz besondere Erinnerung an eines der bekanntesten Filme und Musicals aller Zeiten &#8211; handgefertigt in Salzburg &#8211; aus Liebe zur Tracht.<\/p>\n","protected":false},"excerpt":{"rendered":"<p>Das Dirndl &#8220;Agathe&#8221; besticht durch seine wunderbare farbliche Zusammenstellung. Der Leib ist in einem Salzburgblauen Reinleinen im Miederschnitt mit Knopfverschluss gefertigt. Der florale Baumwollrock&#8230;<\/p>\n","protected":false},"featured_media":337450,"template":"","meta":{"_acf_changed":false},"product_brand":[],"product_cat":[48,49],"product_tag":[2576],"class_list":{"0":"post-337369","1":"product","2":"type-product","3":"status-publish","4":"has-post-thumbnail","6":"pricegroup-202","7":"pricegroup-312","8":"productgroup-204","9":"productgroup-313","10":"product_cat-damentracht","11":"product_cat-dirndl-kleider","12":"product_tag-dirndl-agathe-m-bw-schuerze","13":"pa_farbe-mehrfarbig","14":"pa_farbe-blau","15":"pa_farbe-gruen","17":"first","18":"instock","19":"taxable","20":"shipping-taxable","21":"purchasable","22":"product-type-variable","23":"has-default-attributes"},"acf":[],"jetpack_sharing_enabled":true,"_links":{"self":[{"href":"https:\/\/www.salzburgerheimatwerk.at\/en\/wp-json\/wp\/v2\/product\/337369","targetHints":{"allow":["GET"]}}],"collection":[{"href":"https:\/\/www.salzburgerheimatwerk.at\/en\/wp-json\/wp\/v2\/product"}],"about":[{"href":"https:\/\/www.salzburgerheimatwerk.at\/en\/wp-json\/wp\/v2\/types\/product"}],"wp:featuredmedia":[{"embeddable":true,"href":"https:\/\/www.salzburgerheimatwerk.at\/en\/wp-json\/wp\/v2\/media\/337450"}],"wp:attachment":[{"href":"https:\/\/www.salzburgerheimatwerk.at\/en\/wp-json\/wp\/v2\/media?parent=337369"}],"wp:term":[{"taxonomy":"product_brand","embeddable":true,"href":"https:\/\/www.salzburgerheimatwerk.at\/en\/wp-json\/wp\/v2\/product_brand?post=337369"},{"taxonomy":"product_cat","embeddable":true,"href":"https:\/\/www.salzburgerheimatwerk.at\/en\/wp-json\/wp\/v2\/product_cat?post=337369"},{"taxonomy":"product_tag","embeddable":true,"href":"https:\/\/www.salzburgerheimatwerk.at\/en\/wp-json\/wp\/v2\/product_tag?post=337369"}],"curies":[{"name":"wp","href":"https:\/\/api.w.org\/{rel}","templated":true}]}}