{"id":337377,"date":"2025-07-17T06:16:04","date_gmt":"2025-07-17T04:16:04","guid":{"rendered":"https:\/\/www.salzburgerheimatwerk.at\/produkt\/rock-agathe-aus-halbleinen\/"},"modified":"2026-04-28T20:27:13","modified_gmt":"2026-04-28T18:27:13","slug":"rock-agathe-aus-halbleinen","status":"publish","type":"product","link":"https:\/\/www.salzburgerheimatwerk.at\/en\/produkt\/rock-agathe-aus-halbleinen\/","title":{"rendered":"Rock &#8220;Agathe&#8221; aus Halbleinen"},"content":{"rendered":"<p>Wundersch\u00f6ner Rock aus unserer Spezial-Edition von &#8220;60 Jahre the Sound of Music&#8221;. Traumhafte Qualit\u00e4t aus Baumwolle Leinenmischung. Der Rock ist in Falten gelegt und kann mit eleganter Seidensch\u00e4rpe getragen werden. Kombinierbar mit eleganter Bluse, traditioneller Strickjacke und auch modern mit Jeansjacke.<\/p>\n<p>Der Stoff wurde Bildern von Agathe von Trapp nachempfunden und daraus in Salzburg dieser Stoff entwickelt aus dem Hause Jordis. Den Stoff gibt es wie hier in Halbleinen-Qualit\u00e4t welcher auch f\u00fcr Dekor verwendet werden kann. Dar\u00fcber hinaus ist er in Baumwolle erh\u00e4ltlich und in einem kleineren Muster ebenfalls in Baumwolle.<\/p>\n","protected":false},"excerpt":{"rendered":"<p>Wundersch\u00f6ner Rock aus unserer Spezial-Edition von &#8220;60 Jahre the Sound of Music&#8221;. Traumhafte Qualit\u00e4t aus Baumwolle Leinenmischung. Der Rock ist in Falten gelegt und&#8230;<\/p>\n","protected":false},"featured_media":336669,"template":"","meta":{"_acf_changed":false},"product_brand":[],"product_cat":[48,50],"product_tag":[2577],"class_list":{"0":"post-337377","1":"product","2":"type-product","3":"status-publish","4":"has-post-thumbnail","6":"pricegroup-289","7":"pricegroup-202","8":"productgroup-290","9":"productgroup-204","10":"product_cat-damentracht","11":"product_cat-roecke-hosen","12":"product_tag-rock-agathe","13":"pa_farbe-mehrfarbig","15":"first","16":"instock","17":"taxable","18":"shipping-taxable","19":"purchasable","20":"product-type-variable"},"acf":[],"jetpack_sharing_enabled":true,"_links":{"self":[{"href":"https:\/\/www.salzburgerheimatwerk.at\/en\/wp-json\/wp\/v2\/product\/337377","targetHints":{"allow":["GET"]}}],"collection":[{"href":"https:\/\/www.salzburgerheimatwerk.at\/en\/wp-json\/wp\/v2\/product"}],"about":[{"href":"https:\/\/www.salzburgerheimatwerk.at\/en\/wp-json\/wp\/v2\/types\/product"}],"wp:featuredmedia":[{"embeddable":true,"href":"https:\/\/www.salzburgerheimatwerk.at\/en\/wp-json\/wp\/v2\/media\/336669"}],"wp:attachment":[{"href":"https:\/\/www.salzburgerheimatwerk.at\/en\/wp-json\/wp\/v2\/media?parent=337377"}],"wp:term":[{"taxonomy":"product_brand","embeddable":true,"href":"https:\/\/www.salzburgerheimatwerk.at\/en\/wp-json\/wp\/v2\/product_brand?post=337377"},{"taxonomy":"product_cat","embeddable":true,"href":"https:\/\/www.salzburgerheimatwerk.at\/en\/wp-json\/wp\/v2\/product_cat?post=337377"},{"taxonomy":"product_tag","embeddable":true,"href":"https:\/\/www.salzburgerheimatwerk.at\/en\/wp-json\/wp\/v2\/product_tag?post=337377"}],"curies":[{"name":"wp","href":"https:\/\/api.w.org\/{rel}","templated":true}]}}