{"id":337385,"date":"2025-07-17T06:16:05","date_gmt":"2025-07-17T04:16:05","guid":{"rendered":"https:\/\/www.salzburgerheimatwerk.at\/produkt\/baumwoll-samt-gruen-uni-3\/"},"modified":"2026-04-28T14:32:37","modified_gmt":"2026-04-28T12:32:37","slug":"baumwoll-samt-gruen-uni-3","status":"publish","type":"product","link":"https:\/\/www.salzburgerheimatwerk.at\/en\/produkt\/baumwoll-samt-gruen-uni-3\/","title":{"rendered":"Baumwoll-Samt gr\u00fcn Uni"},"content":{"rendered":"<p>Dieser Samt ist ein Florgewebe aus 100 Prozent Baumwolle. Seine elegante seidenmatte Optik kommt am besten zur Geltung, wenn das Material gegen die Strichrichtung verarbeitet wird.<\/p>\n<p>Eignung<br \/>\nIdeal f\u00fcr elegante, festliche Bekleidung insbesondere Dirndl-Oberteile, Westen, Jacken, R\u00f6cke oder als Besatz bei Jacken und M\u00e4ntel.<\/p>\n","protected":false},"excerpt":{"rendered":"<p>Dieser Samt ist ein Florgewebe aus 100 Prozent Baumwolle. Seine elegante seidenmatte Optik kommt am besten zur Geltung, wenn das Material gegen die Strichrichtung&#8230;<\/p>\n","protected":false},"featured_media":337386,"template":"","meta":{"_acf_changed":false},"product_brand":[],"product_cat":[37,192],"product_tag":[703],"class_list":{"0":"post-337385","1":"product","2":"type-product","3":"status-publish","4":"has-post-thumbnail","6":"pricegroup-483","7":"pricegroup-165","8":"productgroup-484","9":"productgroup-173","10":"product_cat-stoffe","11":"product_cat-trachtenstoffe","12":"product_tag-bw-samt-gruen-uni","13":"pa_farbe-gruen","14":"pa_stoffbreite-150-cm","15":"pa_zertifizierung-nachhaltig","17":"first","18":"instock","19":"taxable","20":"shipping-taxable","21":"purchasable","22":"product-type-simple"},"acf":[],"jetpack_sharing_enabled":true,"_links":{"self":[{"href":"https:\/\/www.salzburgerheimatwerk.at\/en\/wp-json\/wp\/v2\/product\/337385","targetHints":{"allow":["GET"]}}],"collection":[{"href":"https:\/\/www.salzburgerheimatwerk.at\/en\/wp-json\/wp\/v2\/product"}],"about":[{"href":"https:\/\/www.salzburgerheimatwerk.at\/en\/wp-json\/wp\/v2\/types\/product"}],"wp:featuredmedia":[{"embeddable":true,"href":"https:\/\/www.salzburgerheimatwerk.at\/en\/wp-json\/wp\/v2\/media\/337386"}],"wp:attachment":[{"href":"https:\/\/www.salzburgerheimatwerk.at\/en\/wp-json\/wp\/v2\/media?parent=337385"}],"wp:term":[{"taxonomy":"product_brand","embeddable":true,"href":"https:\/\/www.salzburgerheimatwerk.at\/en\/wp-json\/wp\/v2\/product_brand?post=337385"},{"taxonomy":"product_cat","embeddable":true,"href":"https:\/\/www.salzburgerheimatwerk.at\/en\/wp-json\/wp\/v2\/product_cat?post=337385"},{"taxonomy":"product_tag","embeddable":true,"href":"https:\/\/www.salzburgerheimatwerk.at\/en\/wp-json\/wp\/v2\/product_tag?post=337385"}],"curies":[{"name":"wp","href":"https:\/\/api.w.org\/{rel}","templated":true}]}}