{"id":337491,"date":"2025-07-24T06:16:02","date_gmt":"2025-07-24T04:16:02","guid":{"rendered":"https:\/\/www.salzburgerheimatwerk.at\/produkt\/servus-blaudruck-dirndl\/"},"modified":"2026-04-28T19:19:11","modified_gmt":"2026-04-28T17:19:11","slug":"servus-blaudruck-dirndl","status":"publish","type":"product","link":"https:\/\/www.salzburgerheimatwerk.at\/en\/produkt\/servus-blaudruck-dirndl\/","title":{"rendered":"Servus Blaudruck Dirndl"},"content":{"rendered":"<p>Sonderedition f\u00fcr &#8220;Servus&#8221;<br \/>\nHandgen\u00e4htes Blaudruck-Dirndl aus dem Salzburger Heimatwerk, aus blaugef\u00e4rbtem Leinen mit Blaudruck und wei\u00dfer Leinensch\u00fcrze mit Direktdruck in Blau, roter Zierstickerei und Perlmuttkn\u00f6pfen aus dem Waldviertel.<br \/>\nDer Rock ist handgezogen und in einer wunderbaren 8er L\u00e4nge gefertigt. Mit diesem hochwertigen St\u00fcck haben Sie ein Produkt aus \u00f6sterreichischer Qualit\u00e4t und Handarbeit. <\/p>\n<p>Material:<br \/>\nLeib und Rock: 100 % Leinen<br \/>\nLeibfutter: 100 % Baumwolle<br \/>\nSch\u00fcrze: 100 % Leinen<br \/>\nKn\u00f6pfe aus Perlmutt<br \/>\nRockl\u00e4nge: 80 cm<\/p>\n","protected":false},"excerpt":{"rendered":"<p>Sonderedition f\u00fcr &#8220;Servus&#8221; Handgen\u00e4htes Blaudruck-Dirndl aus dem Salzburger Heimatwerk, aus blaugef\u00e4rbtem Leinen mit Blaudruck und wei\u00dfer Leinensch\u00fcrze mit Direktdruck in Blau, roter Zierstickerei und&#8230;<\/p>\n","protected":false},"featured_media":337499,"template":"","meta":{"_acf_changed":false},"product_brand":[],"product_cat":[49,48],"product_tag":[2578],"class_list":{"0":"post-337491","1":"product","2":"type-product","3":"status-publish","4":"has-post-thumbnail","6":"pricegroup-312","7":"pricegroup-202","8":"productgroup-313","9":"productgroup-204","10":"product_cat-dirndl-kleider","11":"product_cat-damentracht","12":"product_tag-servus-dirndl","13":"pa_farbe-weiss","14":"pa_farbe-mehrfarbig","15":"pa_farbe-blau","17":"first","18":"instock","19":"taxable","20":"shipping-taxable","21":"purchasable","22":"product-type-variable","23":"has-default-attributes"},"acf":[],"jetpack_sharing_enabled":true,"_links":{"self":[{"href":"https:\/\/www.salzburgerheimatwerk.at\/en\/wp-json\/wp\/v2\/product\/337491","targetHints":{"allow":["GET"]}}],"collection":[{"href":"https:\/\/www.salzburgerheimatwerk.at\/en\/wp-json\/wp\/v2\/product"}],"about":[{"href":"https:\/\/www.salzburgerheimatwerk.at\/en\/wp-json\/wp\/v2\/types\/product"}],"wp:featuredmedia":[{"embeddable":true,"href":"https:\/\/www.salzburgerheimatwerk.at\/en\/wp-json\/wp\/v2\/media\/337499"}],"wp:attachment":[{"href":"https:\/\/www.salzburgerheimatwerk.at\/en\/wp-json\/wp\/v2\/media?parent=337491"}],"wp:term":[{"taxonomy":"product_brand","embeddable":true,"href":"https:\/\/www.salzburgerheimatwerk.at\/en\/wp-json\/wp\/v2\/product_brand?post=337491"},{"taxonomy":"product_cat","embeddable":true,"href":"https:\/\/www.salzburgerheimatwerk.at\/en\/wp-json\/wp\/v2\/product_cat?post=337491"},{"taxonomy":"product_tag","embeddable":true,"href":"https:\/\/www.salzburgerheimatwerk.at\/en\/wp-json\/wp\/v2\/product_tag?post=337491"}],"curies":[{"name":"wp","href":"https:\/\/api.w.org\/{rel}","templated":true}]}}