{"id":345679,"date":"2025-10-02T06:16:05","date_gmt":"2025-10-02T04:16:05","guid":{"rendered":"https:\/\/www.salzburgerheimatwerk.at\/produkt\/heimatwerkdirndl-mara\/"},"modified":"2026-04-28T19:19:12","modified_gmt":"2026-04-28T17:19:12","slug":"heimatwerkdirndl-mara","status":"publish","type":"product","link":"https:\/\/www.salzburgerheimatwerk.at\/en\/produkt\/heimatwerkdirndl-mara\/","title":{"rendered":"Heimatwerkdirndl Mara"},"content":{"rendered":"<p>Dieses bezaubernde Dirndl in der Farbe Curcuma vereint traditionelle Eleganz mit einem modernen, erdigen Farbton. Der warme Goldton schmeichelt jedem Teint und bringt eine nat\u00fcrliche Ausstrahlung mit sich \u2013 perfekt f\u00fcr Sp\u00e4tsommer und Herbstfeste.Der in Falten gelegte Baumwollsatinrock hat eine L\u00e4nge von  80cm und sorgt f\u00fcr ein angenehmes Tragegef\u00fchl, w\u00e4hrend das Mieder durch feine Details wie Perlenkn\u00f6pfe auff\u00e4llt. Die Leinensch\u00fcrze mit dem passenden Gelbton vollendet dieses sch\u00f6ne Dirndl.<\/p>\n","protected":false},"excerpt":{"rendered":"<p>Dieses bezaubernde Dirndl in der Farbe Curcuma vereint traditionelle Eleganz mit einem modernen, erdigen Farbton. Der warme Goldton schmeichelt jedem Teint und bringt eine&#8230;<\/p>\n","protected":false},"featured_media":345683,"template":"","meta":{"_acf_changed":false},"product_brand":[],"product_cat":[48,49],"product_tag":[2585],"class_list":{"0":"post-345679","1":"product","2":"type-product","3":"status-publish","4":"has-post-thumbnail","6":"pricegroup-202","7":"pricegroup-312","8":"productgroup-204","9":"productgroup-313","10":"product_cat-damentracht","11":"product_cat-dirndl-kleider","12":"product_tag-dirndl-mara","14":"first","15":"instock","16":"taxable","17":"shipping-taxable","18":"purchasable","19":"product-type-variable"},"acf":[],"jetpack_sharing_enabled":true,"_links":{"self":[{"href":"https:\/\/www.salzburgerheimatwerk.at\/en\/wp-json\/wp\/v2\/product\/345679","targetHints":{"allow":["GET"]}}],"collection":[{"href":"https:\/\/www.salzburgerheimatwerk.at\/en\/wp-json\/wp\/v2\/product"}],"about":[{"href":"https:\/\/www.salzburgerheimatwerk.at\/en\/wp-json\/wp\/v2\/types\/product"}],"wp:featuredmedia":[{"embeddable":true,"href":"https:\/\/www.salzburgerheimatwerk.at\/en\/wp-json\/wp\/v2\/media\/345683"}],"wp:attachment":[{"href":"https:\/\/www.salzburgerheimatwerk.at\/en\/wp-json\/wp\/v2\/media?parent=345679"}],"wp:term":[{"taxonomy":"product_brand","embeddable":true,"href":"https:\/\/www.salzburgerheimatwerk.at\/en\/wp-json\/wp\/v2\/product_brand?post=345679"},{"taxonomy":"product_cat","embeddable":true,"href":"https:\/\/www.salzburgerheimatwerk.at\/en\/wp-json\/wp\/v2\/product_cat?post=345679"},{"taxonomy":"product_tag","embeddable":true,"href":"https:\/\/www.salzburgerheimatwerk.at\/en\/wp-json\/wp\/v2\/product_tag?post=345679"}],"curies":[{"name":"wp","href":"https:\/\/api.w.org\/{rel}","templated":true}]}}