{"id":346207,"date":"2025-11-07T06:16:08","date_gmt":"2025-11-07T05:16:08","guid":{"rendered":"https:\/\/www.salzburgerheimatwerk.at\/produkt\/reiner-woll-brokat-rot-paisley-3\/"},"modified":"2026-04-28T19:18:36","modified_gmt":"2026-04-28T17:18:36","slug":"reiner-woll-brokat-rot-paisley-3","status":"publish","type":"product","link":"https:\/\/www.salzburgerheimatwerk.at\/en\/produkt\/reiner-woll-brokat-rot-paisley-3\/","title":{"rendered":"Reiner Woll-Brokat rot Paisley"},"content":{"rendered":"<p>Wollbrokat wird aus der Wolle des Merinoschafs gewonnen, er f\u00e4llt weich flie\u00dfend, knittert nicht und ist beidseitig verwendbar. Er besticht durch in sich gewebte Paisley- oder Streublumenmuster.<\/p>\n<p>Eignung<br \/>\nIdeal f\u00fcr Dirndloberteile- und R\u00f6cke, Kleider, R\u00f6cke, Westen, Spencer und Jacken.<\/p>\n","protected":false},"excerpt":{"rendered":"<p>Wollbrokat wird aus der Wolle des Merinoschafs gewonnen, er f\u00e4llt weich flie\u00dfend, knittert nicht und ist beidseitig verwendbar. Er besticht durch in sich gewebte&#8230;<\/p>\n","protected":false},"featured_media":346208,"template":"","meta":{"_acf_changed":false},"product_brand":[],"product_cat":[192,37],"product_tag":[655],"class_list":{"0":"post-346207","1":"product","2":"type-product","3":"status-publish","4":"has-post-thumbnail","6":"pricegroup-406","7":"pricegroup-165","8":"productgroup-407","9":"productgroup-173","10":"product_cat-trachtenstoffe","11":"product_cat-stoffe","12":"product_tag-wv-rot-paisley","13":"pa_farbe-rot","14":"pa_stoffbreite-150-cm","15":"pa_zertifizierung-nachhaltig","17":"first","18":"instock","19":"taxable","20":"shipping-taxable","21":"purchasable","22":"product-type-simple"},"acf":[],"jetpack_sharing_enabled":true,"_links":{"self":[{"href":"https:\/\/www.salzburgerheimatwerk.at\/en\/wp-json\/wp\/v2\/product\/346207","targetHints":{"allow":["GET"]}}],"collection":[{"href":"https:\/\/www.salzburgerheimatwerk.at\/en\/wp-json\/wp\/v2\/product"}],"about":[{"href":"https:\/\/www.salzburgerheimatwerk.at\/en\/wp-json\/wp\/v2\/types\/product"}],"wp:featuredmedia":[{"embeddable":true,"href":"https:\/\/www.salzburgerheimatwerk.at\/en\/wp-json\/wp\/v2\/media\/346208"}],"wp:attachment":[{"href":"https:\/\/www.salzburgerheimatwerk.at\/en\/wp-json\/wp\/v2\/media?parent=346207"}],"wp:term":[{"taxonomy":"product_brand","embeddable":true,"href":"https:\/\/www.salzburgerheimatwerk.at\/en\/wp-json\/wp\/v2\/product_brand?post=346207"},{"taxonomy":"product_cat","embeddable":true,"href":"https:\/\/www.salzburgerheimatwerk.at\/en\/wp-json\/wp\/v2\/product_cat?post=346207"},{"taxonomy":"product_tag","embeddable":true,"href":"https:\/\/www.salzburgerheimatwerk.at\/en\/wp-json\/wp\/v2\/product_tag?post=346207"}],"curies":[{"name":"wp","href":"https:\/\/api.w.org\/{rel}","templated":true}]}}