{"id":346209,"date":"2025-11-07T06:16:09","date_gmt":"2025-11-07T05:16:09","guid":{"rendered":"https:\/\/www.salzburgerheimatwerk.at\/produkt\/reiner-woll-brokat-blau-paisley-5\/"},"modified":"2026-04-28T19:18:46","modified_gmt":"2026-04-28T17:18:46","slug":"reiner-woll-brokat-blau-paisley-5","status":"publish","type":"product","link":"https:\/\/www.salzburgerheimatwerk.at\/en\/produkt\/reiner-woll-brokat-blau-paisley-5\/","title":{"rendered":"Reiner Woll-Brokat blau Paisley"},"content":{"rendered":"<p>Wollbrokat wird aus der Wolle des Merinoschafs gewonnen, er f\u00e4llt weich flie\u00dfend, knittert nicht und ist beidseitig verwendbar. Er besticht durch in sich gewebte Paisley- oder Streublumenmuster.<\/p>\n<p>Eignung<br \/>\nIdeal f\u00fcr Dirndloberteile- und R\u00f6cke, Kleider, R\u00f6cke, Westen, Spencer und Jacken.<\/p>\n","protected":false},"excerpt":{"rendered":"<p>Wollbrokat wird aus der Wolle des Merinoschafs gewonnen, er f\u00e4llt weich flie\u00dfend, knittert nicht und ist beidseitig verwendbar. Er besticht durch in sich gewebte&#8230;<\/p>\n","protected":false},"featured_media":346210,"template":"","meta":{"_acf_changed":false},"product_brand":[],"product_cat":[192,37],"product_tag":[603],"class_list":{"0":"post-346209","1":"product","2":"type-product","3":"status-publish","4":"has-post-thumbnail","6":"pricegroup-165","7":"pricegroup-406","8":"productgroup-407","9":"productgroup-173","10":"product_cat-trachtenstoffe","11":"product_cat-stoffe","12":"product_tag-wv-blau-mittel-paisley","13":"pa_farbe-blau","14":"pa_stoffbreite-150-cm","15":"pa_zertifizierung-nachhaltig","17":"first","18":"instock","19":"taxable","20":"shipping-taxable","21":"purchasable","22":"product-type-simple"},"acf":[],"jetpack_sharing_enabled":true,"_links":{"self":[{"href":"https:\/\/www.salzburgerheimatwerk.at\/en\/wp-json\/wp\/v2\/product\/346209","targetHints":{"allow":["GET"]}}],"collection":[{"href":"https:\/\/www.salzburgerheimatwerk.at\/en\/wp-json\/wp\/v2\/product"}],"about":[{"href":"https:\/\/www.salzburgerheimatwerk.at\/en\/wp-json\/wp\/v2\/types\/product"}],"wp:featuredmedia":[{"embeddable":true,"href":"https:\/\/www.salzburgerheimatwerk.at\/en\/wp-json\/wp\/v2\/media\/346210"}],"wp:attachment":[{"href":"https:\/\/www.salzburgerheimatwerk.at\/en\/wp-json\/wp\/v2\/media?parent=346209"}],"wp:term":[{"taxonomy":"product_brand","embeddable":true,"href":"https:\/\/www.salzburgerheimatwerk.at\/en\/wp-json\/wp\/v2\/product_brand?post=346209"},{"taxonomy":"product_cat","embeddable":true,"href":"https:\/\/www.salzburgerheimatwerk.at\/en\/wp-json\/wp\/v2\/product_cat?post=346209"},{"taxonomy":"product_tag","embeddable":true,"href":"https:\/\/www.salzburgerheimatwerk.at\/en\/wp-json\/wp\/v2\/product_tag?post=346209"}],"curies":[{"name":"wp","href":"https:\/\/api.w.org\/{rel}","templated":true}]}}