{"id":346382,"date":"2025-11-21T06:17:02","date_gmt":"2025-11-21T05:17:02","guid":{"rendered":"https:\/\/www.salzburgerheimatwerk.at\/produkt\/kaschmirschal\/"},"modified":"2026-04-28T20:26:51","modified_gmt":"2026-04-28T18:26:51","slug":"kaschmirschal","status":"publish","type":"product","link":"https:\/\/www.salzburgerheimatwerk.at\/en\/produkt\/kaschmirschal\/","title":{"rendered":"Kaschmirschal"},"content":{"rendered":"<p>Wunderbarer hochwertiger Kaschmirschal 100% aus \u00f6sterrerreichischer Produktion. Eine Seite hellblau, eine Seite beige mit Fransen. Sowohl f\u00fcr Heren als auch f\u00fcr Damen zu verwenden.<\/p>\n","protected":false},"excerpt":{"rendered":"<p>Wunderbarer hochwertiger Kaschmirschal 100% aus \u00f6sterrerreichischer Produktion. Eine Seite hellblau, eine Seite beige mit Fransen. Sowohl f\u00fcr Heren als auch f\u00fcr Damen zu&#8230;<\/p>\n","protected":false},"featured_media":346383,"template":"","meta":{"_acf_changed":false},"product_brand":[],"product_cat":[59,65],"product_tag":[2591],"class_list":{"0":"post-346382","1":"product","2":"type-product","3":"status-publish","4":"has-post-thumbnail","6":"pricegroup-202","7":"pricegroup-210","8":"productgroup-204","9":"productgroup-211","10":"product_cat-herrentracht","11":"product_cat-accessoires-2","12":"product_tag-cashmere-schal","14":"first","15":"instock","16":"taxable","17":"shipping-taxable","18":"purchasable","19":"product-type-simple"},"acf":[],"jetpack_sharing_enabled":true,"_links":{"self":[{"href":"https:\/\/www.salzburgerheimatwerk.at\/en\/wp-json\/wp\/v2\/product\/346382","targetHints":{"allow":["GET"]}}],"collection":[{"href":"https:\/\/www.salzburgerheimatwerk.at\/en\/wp-json\/wp\/v2\/product"}],"about":[{"href":"https:\/\/www.salzburgerheimatwerk.at\/en\/wp-json\/wp\/v2\/types\/product"}],"wp:featuredmedia":[{"embeddable":true,"href":"https:\/\/www.salzburgerheimatwerk.at\/en\/wp-json\/wp\/v2\/media\/346383"}],"wp:attachment":[{"href":"https:\/\/www.salzburgerheimatwerk.at\/en\/wp-json\/wp\/v2\/media?parent=346382"}],"wp:term":[{"taxonomy":"product_brand","embeddable":true,"href":"https:\/\/www.salzburgerheimatwerk.at\/en\/wp-json\/wp\/v2\/product_brand?post=346382"},{"taxonomy":"product_cat","embeddable":true,"href":"https:\/\/www.salzburgerheimatwerk.at\/en\/wp-json\/wp\/v2\/product_cat?post=346382"},{"taxonomy":"product_tag","embeddable":true,"href":"https:\/\/www.salzburgerheimatwerk.at\/en\/wp-json\/wp\/v2\/product_tag?post=346382"}],"curies":[{"name":"wp","href":"https:\/\/api.w.org\/{rel}","templated":true}]}}