{"id":346385,"date":"2025-11-21T06:18:07","date_gmt":"2025-11-21T05:18:07","guid":{"rendered":"https:\/\/www.salzburgerheimatwerk.at\/produkt\/herrenschuh-glattleder\/"},"modified":"2026-04-28T20:27:12","modified_gmt":"2026-04-28T18:27:12","slug":"herrenschuh-glattleder","status":"publish","type":"product","link":"https:\/\/www.salzburgerheimatwerk.at\/en\/produkt\/herrenschuh-glattleder\/","title":{"rendered":"Herrenschuh Glattleder"},"content":{"rendered":"<p>Eleganter Herrenschuh in braunem Glattleder mit Mittelschn\u00fcrung. Antik-Bockleder ist ein hochwertiges Naturprodukt und jedes St\u00fcck Leder ist ein Unikat. Qualit\u00e4t die man sp\u00fcrt von Dirndl und Bua. Mit diesem Paar haben Sie einen zeitlosen Klassiker, dermit der Zeit nur noch sch\u00f6ner wird.<\/p>\n","protected":false},"excerpt":{"rendered":"<p>Eleganter Herrenschuh in braunem Glattleder mit Mittelschn\u00fcrung. Antik-Bockleder ist ein hochwertiges Naturprodukt und jedes St\u00fcck Leder ist ein Unikat. Qualit\u00e4t die man sp\u00fcrt von&#8230;<\/p>\n","protected":false},"featured_media":346393,"template":"","meta":{"_acf_changed":false},"product_brand":[],"product_cat":[59,66],"product_tag":[1267],"class_list":{"0":"post-346385","1":"product","2":"type-product","3":"status-publish","4":"has-post-thumbnail","6":"pricegroup-621","7":"pricegroup-166","8":"productgroup-622","9":"productgroup-174","10":"product_cat-herrentracht","11":"product_cat-schuhe-stutzen","12":"product_tag-herrenschuh","14":"first","15":"instock","16":"taxable","17":"shipping-taxable","18":"purchasable","19":"product-type-variable"},"acf":[],"jetpack_sharing_enabled":true,"_links":{"self":[{"href":"https:\/\/www.salzburgerheimatwerk.at\/en\/wp-json\/wp\/v2\/product\/346385","targetHints":{"allow":["GET"]}}],"collection":[{"href":"https:\/\/www.salzburgerheimatwerk.at\/en\/wp-json\/wp\/v2\/product"}],"about":[{"href":"https:\/\/www.salzburgerheimatwerk.at\/en\/wp-json\/wp\/v2\/types\/product"}],"wp:featuredmedia":[{"embeddable":true,"href":"https:\/\/www.salzburgerheimatwerk.at\/en\/wp-json\/wp\/v2\/media\/346393"}],"wp:attachment":[{"href":"https:\/\/www.salzburgerheimatwerk.at\/en\/wp-json\/wp\/v2\/media?parent=346385"}],"wp:term":[{"taxonomy":"product_brand","embeddable":true,"href":"https:\/\/www.salzburgerheimatwerk.at\/en\/wp-json\/wp\/v2\/product_brand?post=346385"},{"taxonomy":"product_cat","embeddable":true,"href":"https:\/\/www.salzburgerheimatwerk.at\/en\/wp-json\/wp\/v2\/product_cat?post=346385"},{"taxonomy":"product_tag","embeddable":true,"href":"https:\/\/www.salzburgerheimatwerk.at\/en\/wp-json\/wp\/v2\/product_tag?post=346385"}],"curies":[{"name":"wp","href":"https:\/\/api.w.org\/{rel}","templated":true}]}}