{"id":346402,"date":"2025-11-21T06:18:18","date_gmt":"2025-11-21T05:18:18","guid":{"rendered":"https:\/\/www.salzburgerheimatwerk.at\/produkt\/stehkragenjacke-mit-armleisten\/"},"modified":"2026-04-28T18:29:11","modified_gmt":"2026-04-28T16:29:11","slug":"stehkragenjacke-mit-armleisten","status":"publish","type":"product","link":"https:\/\/www.salzburgerheimatwerk.at\/en\/produkt\/stehkragenjacke-mit-armleisten\/","title":{"rendered":"Stehkragenjacke mit Armleisten"},"content":{"rendered":"<p>Diese wundersch\u00f6ne Strickjacke im frischen Blauton ist ein reines Naturprodukt , das die K\u00f6rpertemperatur optimal ausgleicht und damit an Wintertagen, in der \u00dcbergangssaison wie auch an k\u00fchlen Sommertagen gerne getragen wird.Ausschlie\u00dflich in Salzburg gefertigt. Das unverwechselbare Design und die elegante, innovative Farbkombinationen stehen dabei im Vordergrund.<\/p>\n","protected":false},"excerpt":{"rendered":"<p>Diese wundersch\u00f6ne Strickjacke im frischen Blauton ist ein reines Naturprodukt , das die K\u00f6rpertemperatur optimal ausgleicht und damit an Wintertagen, in der \u00dcbergangssaison wie&#8230;<\/p>\n","protected":false},"featured_media":346409,"template":"","meta":{"_acf_changed":false},"product_brand":[],"product_cat":[48,53],"product_tag":[237],"class_list":{"0":"post-346402","1":"product","2":"type-product","3":"status-publish","4":"has-post-thumbnail","6":"pricegroup-232","7":"pricegroup-202","8":"productgroup-233","9":"productgroup-204","10":"product_cat-damentracht","11":"product_cat-strick-walk","12":"product_tag-strickjacke","13":"pa_farbe-mehrfarbig","15":"first","16":"instock","17":"taxable","18":"shipping-taxable","19":"purchasable","20":"product-type-variable"},"acf":[],"jetpack_sharing_enabled":true,"_links":{"self":[{"href":"https:\/\/www.salzburgerheimatwerk.at\/en\/wp-json\/wp\/v2\/product\/346402","targetHints":{"allow":["GET"]}}],"collection":[{"href":"https:\/\/www.salzburgerheimatwerk.at\/en\/wp-json\/wp\/v2\/product"}],"about":[{"href":"https:\/\/www.salzburgerheimatwerk.at\/en\/wp-json\/wp\/v2\/types\/product"}],"wp:featuredmedia":[{"embeddable":true,"href":"https:\/\/www.salzburgerheimatwerk.at\/en\/wp-json\/wp\/v2\/media\/346409"}],"wp:attachment":[{"href":"https:\/\/www.salzburgerheimatwerk.at\/en\/wp-json\/wp\/v2\/media?parent=346402"}],"wp:term":[{"taxonomy":"product_brand","embeddable":true,"href":"https:\/\/www.salzburgerheimatwerk.at\/en\/wp-json\/wp\/v2\/product_brand?post=346402"},{"taxonomy":"product_cat","embeddable":true,"href":"https:\/\/www.salzburgerheimatwerk.at\/en\/wp-json\/wp\/v2\/product_cat?post=346402"},{"taxonomy":"product_tag","embeddable":true,"href":"https:\/\/www.salzburgerheimatwerk.at\/en\/wp-json\/wp\/v2\/product_tag?post=346402"}],"curies":[{"name":"wp","href":"https:\/\/api.w.org\/{rel}","templated":true}]}}