{"id":346585,"date":"2025-11-28T10:32:36","date_gmt":"2025-11-28T09:32:36","guid":{"rendered":"https:\/\/www.salzburgerheimatwerk.at\/produkt\/damenbluse-6\/"},"modified":"2026-04-28T23:23:10","modified_gmt":"2026-04-28T21:23:10","slug":"damenbluse-6","status":"publish","type":"product","link":"https:\/\/www.salzburgerheimatwerk.at\/en\/produkt\/damenbluse-6\/","title":{"rendered":"Damenbluse"},"content":{"rendered":"<p>Bluse aus blau-gr\u00fcnem BW-Satin aus unserer &#8220;Heimatwerk Kollektion&#8221;, durch die verschiedenen Blau- und Gr\u00fcnt\u00f6ne ist sie perfekt kombinierbar. Die hochwertige Bluse wurde mit viel Liebe zum Detail in Ober\u00f6sterreich gefertigt, der Stoff stammt ebenfalls aus \u00d6sterreich. Der hellgraue Fond erg\u00e4nzt diese Farbkombination. Ein treuer Begleiter zu Jeans, Lederhose aber auch zu eleganten R\u00f6cken!<\/p>\n","protected":false},"excerpt":{"rendered":"<p>Bluse aus blau-gr\u00fcnem BW-Satin aus unserer &#8220;Heimatwerk Kollektion&#8221;, durch die verschiedenen Blau- und Gr\u00fcnt\u00f6ne ist sie perfekt kombinierbar. Die hochwertige Bluse wurde mit viel&#8230;<\/p>\n","protected":false},"featured_media":346592,"template":"","meta":{"_acf_changed":false},"product_brand":[],"product_cat":[48,52],"product_tag":[258],"class_list":{"0":"post-346585","1":"product","2":"type-product","3":"status-publish","4":"has-post-thumbnail","6":"pricegroup-256","7":"pricegroup-202","8":"productgroup-257","9":"productgroup-204","10":"product_cat-damentracht","11":"product_cat-blusen-shirts","12":"product_tag-damenbluse","13":"pa_farbe-gruen","14":"pa_farbe-mehrfarbig","15":"pa_farbe-blau","17":"first","18":"instock","19":"taxable","20":"shipping-taxable","21":"purchasable","22":"product-type-variable","23":"has-default-attributes"},"acf":[],"jetpack_sharing_enabled":true,"_links":{"self":[{"href":"https:\/\/www.salzburgerheimatwerk.at\/en\/wp-json\/wp\/v2\/product\/346585","targetHints":{"allow":["GET"]}}],"collection":[{"href":"https:\/\/www.salzburgerheimatwerk.at\/en\/wp-json\/wp\/v2\/product"}],"about":[{"href":"https:\/\/www.salzburgerheimatwerk.at\/en\/wp-json\/wp\/v2\/types\/product"}],"wp:featuredmedia":[{"embeddable":true,"href":"https:\/\/www.salzburgerheimatwerk.at\/en\/wp-json\/wp\/v2\/media\/346592"}],"wp:attachment":[{"href":"https:\/\/www.salzburgerheimatwerk.at\/en\/wp-json\/wp\/v2\/media?parent=346585"}],"wp:term":[{"taxonomy":"product_brand","embeddable":true,"href":"https:\/\/www.salzburgerheimatwerk.at\/en\/wp-json\/wp\/v2\/product_brand?post=346585"},{"taxonomy":"product_cat","embeddable":true,"href":"https:\/\/www.salzburgerheimatwerk.at\/en\/wp-json\/wp\/v2\/product_cat?post=346585"},{"taxonomy":"product_tag","embeddable":true,"href":"https:\/\/www.salzburgerheimatwerk.at\/en\/wp-json\/wp\/v2\/product_tag?post=346585"}],"curies":[{"name":"wp","href":"https:\/\/api.w.org\/{rel}","templated":true}]}}