{"id":346600,"date":"2025-11-28T10:34:21","date_gmt":"2025-11-28T09:34:21","guid":{"rendered":"https:\/\/www.salzburgerheimatwerk.at\/produkt\/schal-bunt\/"},"modified":"2026-04-28T19:18:41","modified_gmt":"2026-04-28T17:18:41","slug":"schal-bunt","status":"publish","type":"product","link":"https:\/\/www.salzburgerheimatwerk.at\/en\/produkt\/schal-bunt\/","title":{"rendered":"Schal bunt"},"content":{"rendered":"<p>Schal aus reiner Wolle in rot-blau-beige T\u00f6nen im &#8220;Norweger Look&#8221; der pferfekte Begleiter f\u00fcr Jacken und M\u00e4ntel an kalten Tagen &#8211; ein treuer Begleiter!<\/p>\n","protected":false},"excerpt":{"rendered":"<p>Schal aus reiner Wolle in rot-blau-beige T\u00f6nen im &#8220;Norweger Look&#8221; der pferfekte Begleiter f\u00fcr Jacken und M\u00e4ntel an kalten Tagen &#8211; ein treuer&#8230;<\/p>\n","protected":false},"featured_media":346602,"template":"","meta":{"_acf_changed":false},"product_brand":[],"product_cat":[48,57],"product_tag":[2593],"class_list":{"0":"post-346600","1":"product","2":"type-product","3":"status-publish","4":"has-post-thumbnail","6":"pricegroup-240","7":"pricegroup-202","8":"productgroup-241","9":"productgroup-204","10":"product_cat-damentracht","11":"product_cat-accessoires","12":"product_tag-stola","14":"first","15":"instock","16":"taxable","17":"shipping-taxable","18":"purchasable","19":"product-type-simple"},"acf":[],"jetpack_sharing_enabled":true,"_links":{"self":[{"href":"https:\/\/www.salzburgerheimatwerk.at\/en\/wp-json\/wp\/v2\/product\/346600","targetHints":{"allow":["GET"]}}],"collection":[{"href":"https:\/\/www.salzburgerheimatwerk.at\/en\/wp-json\/wp\/v2\/product"}],"about":[{"href":"https:\/\/www.salzburgerheimatwerk.at\/en\/wp-json\/wp\/v2\/types\/product"}],"wp:featuredmedia":[{"embeddable":true,"href":"https:\/\/www.salzburgerheimatwerk.at\/en\/wp-json\/wp\/v2\/media\/346602"}],"wp:attachment":[{"href":"https:\/\/www.salzburgerheimatwerk.at\/en\/wp-json\/wp\/v2\/media?parent=346600"}],"wp:term":[{"taxonomy":"product_brand","embeddable":true,"href":"https:\/\/www.salzburgerheimatwerk.at\/en\/wp-json\/wp\/v2\/product_brand?post=346600"},{"taxonomy":"product_cat","embeddable":true,"href":"https:\/\/www.salzburgerheimatwerk.at\/en\/wp-json\/wp\/v2\/product_cat?post=346600"},{"taxonomy":"product_tag","embeddable":true,"href":"https:\/\/www.salzburgerheimatwerk.at\/en\/wp-json\/wp\/v2\/product_tag?post=346600"}],"curies":[{"name":"wp","href":"https:\/\/api.w.org\/{rel}","templated":true}]}}