{"id":346606,"date":"2025-11-28T10:34:33","date_gmt":"2025-11-28T09:34:33","guid":{"rendered":"https:\/\/www.salzburgerheimatwerk.at\/produkt\/damenschuhe-2\/"},"modified":"2026-04-28T23:24:41","modified_gmt":"2026-04-28T21:24:41","slug":"damenschuhe-2","status":"publish","type":"product","link":"https:\/\/www.salzburgerheimatwerk.at\/en\/produkt\/damenschuhe-2\/","title":{"rendered":"Damenschuhe"},"content":{"rendered":"<p>Dieser hochwertige Schuh vereint stilvolles Design mit erstklassiger Verarbeitung. Gefertigt aus feinem Ziegenleder, bietet das Modell ein weiches und zugleich robustes Obermaterial, das sich angenehm dem Fu\u00df anpasst. Auch das Innenfutter besteht vollst\u00e4ndig aus Leder, was f\u00fcr ein besonders angenehmes Tragegef\u00fchl und ein optimales Fu\u00dfklima sorgt.Die Laufsohle aus Gummi sorgt f\u00fcr gute Trittsicherheit und Langlebigkeit im Alltag. Mit einer Schafth\u00f6he von 14 cm bietet der Schuh leichten Halt am Kn\u00f6chel, w\u00e4hrend der 4 cm hohe Absatz eine bequeme Erh\u00f6hung mit dezentem, stilvollem Look schafft.<\/p>\n","protected":false},"excerpt":{"rendered":"<p>Dieser hochwertige Schuh vereint stilvolles Design mit erstklassiger Verarbeitung. Gefertigt aus feinem Ziegenleder, bietet das Modell ein weiches und zugleich robustes Obermaterial, das sich&#8230;<\/p>\n","protected":false},"featured_media":346612,"template":"","meta":{"_acf_changed":false},"product_brand":[],"product_cat":[48,58],"product_tag":[1054],"class_list":{"0":"post-346606","1":"product","2":"type-product","3":"status-publish","4":"has-post-thumbnail","6":"pricegroup-202","7":"pricegroup-354","8":"productgroup-204","9":"productgroup-355","10":"product_cat-damentracht","11":"product_cat-schuhe-taschen","12":"product_tag-damenschuhe","13":"pa_farbe-schwarz","15":"first","16":"instock","17":"taxable","18":"shipping-taxable","19":"purchasable","20":"product-type-variable"},"acf":[],"jetpack_sharing_enabled":true,"_links":{"self":[{"href":"https:\/\/www.salzburgerheimatwerk.at\/en\/wp-json\/wp\/v2\/product\/346606","targetHints":{"allow":["GET"]}}],"collection":[{"href":"https:\/\/www.salzburgerheimatwerk.at\/en\/wp-json\/wp\/v2\/product"}],"about":[{"href":"https:\/\/www.salzburgerheimatwerk.at\/en\/wp-json\/wp\/v2\/types\/product"}],"wp:featuredmedia":[{"embeddable":true,"href":"https:\/\/www.salzburgerheimatwerk.at\/en\/wp-json\/wp\/v2\/media\/346612"}],"wp:attachment":[{"href":"https:\/\/www.salzburgerheimatwerk.at\/en\/wp-json\/wp\/v2\/media?parent=346606"}],"wp:term":[{"taxonomy":"product_brand","embeddable":true,"href":"https:\/\/www.salzburgerheimatwerk.at\/en\/wp-json\/wp\/v2\/product_brand?post=346606"},{"taxonomy":"product_cat","embeddable":true,"href":"https:\/\/www.salzburgerheimatwerk.at\/en\/wp-json\/wp\/v2\/product_cat?post=346606"},{"taxonomy":"product_tag","embeddable":true,"href":"https:\/\/www.salzburgerheimatwerk.at\/en\/wp-json\/wp\/v2\/product_tag?post=346606"}],"curies":[{"name":"wp","href":"https:\/\/api.w.org\/{rel}","templated":true}]}}